{"id":3,"date":"2018-06-06T09:18:00","date_gmt":"2018-06-06T07:18:00","guid":{"rendered":"http:\/\/www.centroserigrafico.it\/?page_id=3"},"modified":"2021-07-28T14:50:58","modified_gmt":"2021-07-28T12:50:58","slug":"privacy-cookie-policy","status":"publish","type":"page","link":"https:\/\/www.centroserigrafico.it\/index.php\/privacy-cookie-policy\/","title":{"rendered":"Privacy Policy"},"content":{"rendered":"<p>[vc_row bg_type=&#8221;bg_color&#8221; bg_override=&#8221;ex-full&#8221; bg_color_value=&#8221;#ffffff&#8221; css=&#8221;.vc_custom_1611242620832{padding-top: -300px !important;padding-right: -300px !important;padding-bottom: -300px !important;padding-left: -300px !important;background-color: #ffffff !important;}&#8221;][vc_column]<div id=\"1611242314991-81a5ab6a-d4c3\" class=\"dt-sc-empty-space\"><\/div>[vc_column_text]<span style=\"text-decoration: underline;\"><strong>Informativa sul trattamento e sulla protezione dei dati personali<\/strong><\/span><\/p>\n<p>&nbsp;<\/p>\n<p>C.S. Centro Serigrafico s.r.l. informa su come tratta e protegge i dati personali che pu\u00f2 trattare e acquisire tramite il sito internet.<\/p>\n<p>&nbsp;<\/p>\n<p><span style=\"text-decoration: underline;\"><strong>Art. 1. Titolare del trattamento: <\/strong><\/span><em><span style=\"text-decoration: underline;\">chi raccoglie i dati e decide le finalit\u00e0\/modalit\u00e0 del trattamento<\/span><\/em><\/p>\n<p><strong>C.S. Centro Serigrafico s.r.l.<\/strong><\/p>\n<p>Partita IVA e Cod. fiscale: 02024770170<\/p>\n<p>Indirizzo: Via Cinque Prati, 12 &#8211; 25014 Castenedolo (BS)<\/p>\n<p>Telefono: 030 2732831<\/p>\n<p>Indirizzo e-mail: info@centroserigrafico.com<\/p>\n<p>&nbsp;<\/p>\n<p><span style=\"text-decoration: underline;\"><strong>Art. 2. Finalit\u00e0 e base giuridica del trattamento: <\/strong><\/span><em><span style=\"text-decoration: underline;\">perch\u00e9 si trattano i dati e<\/span><\/em> <em><span style=\"text-decoration: underline;\">da che cosa \u00e8 giustificato il trattamento<\/span><\/em><\/p>\n<p><strong>C.S. Centro Serigrafico s.r.l. <\/strong>tratta i dati per le seguenti <strong>finalit\u00e0<\/strong>.<\/p>\n<p>Finalit\u00e0 a) \u2013 Contatti online<\/p>\n<ul>\n<li>adempiere agli obblighi precontrattuali (rispondere alle richieste inviate tramite il modulo contatti del sito internet nella sezione \u201ccontatti\u201d);<\/li>\n<\/ul>\n<p><span style=\"text-decoration: underline;\">Base giuridica<\/span>: esecuzione del contratto.<\/p>\n<p><span style=\"text-decoration: underline;\">Il rifiuto di fornire i dati obbligatori<\/span> (indicati con *) impedisce al titolare di rispondere alle richieste.<\/p>\n<p>&nbsp;<\/p>\n<p>Finalit\u00e0 b) \u2013 Iscrizione alla newsletter<\/p>\n<ul>\n<li>inviare proposte commerciali tramite newsletter.<\/li>\n<\/ul>\n<p><span style=\"text-decoration: underline;\">Base giuridica<\/span>: consenso dell\u2019interessato.<\/p>\n<p><span style=\"text-decoration: underline;\">Il rifiuto di registrarsi alla newsletter<\/span> impedisce al titolare di inviare e-mail con proposte commerciali.<\/p>\n<p>&nbsp;<\/p>\n<p>Finalit\u00e0 c) \u2013 Diritto di difesa<\/p>\n<ul>\n<li><a name=\"_Hlk77147438\"><\/a> Esercitare i diritti del Titolare, ad esempio l\u2019eventuale diritto di difesa (giudiziale e stragiudiziale).<\/li>\n<\/ul>\n<p><span style=\"text-decoration: underline;\">Base giuridica<\/span>: legittimo interesse del titolare.<\/p>\n<p>&nbsp;<\/p>\n<p>Finalit\u00e0 d) \u2013 Statistiche anonime<\/p>\n<ul>\n<li>Raccolta dati statistici anonimi sulle visite del sito web.<\/li>\n<\/ul>\n<p><span style=\"text-decoration: underline;\">Base giuridica<\/span>: legittimo interesse del titolare.<\/p>\n<p>&nbsp;<\/p>\n<p>Finalit\u00e0 e) \u2013 Diagnosi del sito<\/p>\n<ul>\n<li>Raccolta di dati diagnostici per verificare il corretto funzionamento del sito web.<\/li>\n<\/ul>\n<p><span style=\"text-decoration: underline;\">Base giuridica<\/span>: legittimo interesse del titolare.<\/p>\n<p>&nbsp;<\/p>\n<p><a name=\"_Hlk518916239\"><\/a> <span style=\"text-decoration: underline;\">Il Titolare non effettua profilazione dei dati.<\/span><\/p>\n<p>&nbsp;<\/p>\n<p><span style=\"text-decoration: underline;\"><strong>Art. 3. Dati trattati e modalit\u00e0 del trattamento<\/strong><\/span><\/p>\n<p>Per raggiungere gli scopi dell\u2019Art. 2<strong>C.S. Centro Serigrafico s.r.l. <\/strong>tratta i seguenti dati:<\/p>\n<p>&nbsp;<\/p>\n<p>Finalit\u00e0 a) \u2013 Contatti online<\/p>\n<ul>\n<li>Dati obbligatori: nome, indirizzo e-mail, messaggio<\/li>\n<li>Dati facoltativi: oggetto del messaggio<\/li>\n<\/ul>\n<p>Finalit\u00e0 b) \u2013 Iscrizione alla newsletter<\/p>\n<ul>\n<li>Dati obbligatori: nome, indirizzo e-mail<\/li>\n<\/ul>\n<p>Finalit\u00e0 d) \u2013 Statistica<\/p>\n<ul>\n<li>Sono raccolti dati statistici anonimi sulle pagine visitate del sito internet. Non rileviamo l\u2019indirizzo IP dell\u2019utente, pertanto non siamo in grado di sapere quali pagine stai visitando.<\/li>\n<\/ul>\n<p>&nbsp;<\/p>\n<p>Finalit\u00e0 e) \u2013 Diagnosi<\/p>\n<ul>\n<li>Il nostro sito \u00e8 ospitato presso un hosting in Europa che raccoglie attraverso log, gli indirizzi IP degli utenti, con il solo scopo di verificare eventuali anomalie o problematiche relative al sito e al suo funzionamento.<\/li>\n<\/ul>\n<p>&nbsp;<\/p>\n<p>Tutti i dati comunicati a <strong>C.S. Centro Serigrafico s.r.l. <\/strong>sono trattati nei limiti strettamente necessari al raggiungimento delle finalit\u00e0 di cui al precedente Art. 2, con l\u2019ausilio di strumenti cartacei e informatici.<\/p>\n<p>&nbsp;<\/p>\n<p><span style=\"text-decoration: underline;\"><strong>Art. 4. Conservazione dei dati<\/strong><\/span><\/p>\n<p>I dati sono trattati e archiviati presso gli uffici del Titolare e sugli strumenti aziendali utilizzati (es. computer, server, smartphone, ecc.).<\/p>\n<p>Il trattamento dei dati (cartacei e digitali) viene effettuato con misure idonee a garantire la sicurezza e la riservatezza dei dati personali, in particolare nel rispetto delle misure di sicurezza adeguate e secondo i principi di liceit\u00e0, necessit\u00e0 e proporzionalit\u00e0.<\/p>\n<p>Alcuni software utilizzati dal Titolare sono gestiti da sistemi cloud (es. le caselle e-mail e il gestionale). I fornitori sono stati selezionati in modo da garantire la salvaguardia e la riservatezza dei dati.<\/p>\n<p>&nbsp;<\/p>\n<p>Alcuni dati potrebbero essere presenti anche nei sistemi di backup. In questo caso non sar\u00e0 possibile rimuoverli. Garantiamo fin da subito che, in caso sia necessario un ripristino totale dei sistemi, tali dati saranno nuovamente anonimizzati\/cancellati.<\/p>\n<p>&nbsp;<\/p>\n<p><span style=\"text-decoration: underline;\">I dati raccolti e trattati sono conservati per i seguenti periodi:<\/span><\/p>\n<p>Finalit\u00e0 a): 1 anno dalla richiesta di contatto, salvo quanto riportato nella finalit\u00e0 c)<\/p>\n<p>Finalit\u00e0 b): cancellati entro 30 giorni dalla revoca del consenso da parte degli interessati<\/p>\n<p>Finalit\u00e0 c): durata necessaria per esercitare i diritti del titolare<\/p>\n<p>Finalit\u00e0 d): 24 mesi<\/p>\n<p>Finalit\u00e0 e): 15 giorni<\/p>\n<p>&nbsp;<\/p>\n<p><span style=\"text-decoration: underline;\"><strong>Art. 5. Comunicazione e trasmissione dei dati<\/strong><\/span><\/p>\n<p>I dipendenti e\/o collaboratori del Titolare, nell\u2019espletamento della loro normale attivit\u00e0 di lavoro e\/o di collaborazione, hanno accesso ai dati quali persone autorizzate al trattamento.<\/p>\n<p>I dati personali possono essere trasmessi a soggetti terzi che effettuano il trattamento per conto del Titolare nella loro qualit\u00e0 di Responsabili esterni del trattamento (a titolo indicativo il commercialista). L\u2019elenco aggiornato dei responsabili del trattamento \u00e8 disponibile su richiesta.<\/p>\n<p>&nbsp;<\/p>\n<p>I dati personali potranno inoltre essere comunicati a:<\/p>\n<ul>\n<li>istituti di Credito e\/o studi legali per la gestione di eventuali contenziosi e l\u2019esercizio del diritto di difesa del Titolare;<\/li>\n<li>alle competenti Autorit\u00e0 di Pubblica Sicurezza per le attivit\u00e0 di indagine ed ispettive.<\/li>\n<\/ul>\n<p>&nbsp;<\/p>\n<p><span style=\"text-decoration: underline;\">Nessun dato \u00e8 rivenduto a terzi.<\/span><\/p>\n<p>&nbsp;<\/p>\n<p><span style=\"text-decoration: underline;\"><strong>Art. 6. Trasmissione dati Extra-UE<\/strong><\/span><\/p>\n<p><span style=\"text-decoration: underline;\">E-mail \u2013 finalit\u00e0 a)<\/span><\/p>\n<p>La comunicazione tramite e-mail implica che le conversazioni siano archiviate sui server del fornitore (Google).<\/p>\n<p>Questo fornitore ha i propri server al di fuori dall\u2019Unione Europea; pertanto, eventuali comunicazioni saranno archiviate anche sui loro server, secondo le condizioni contrattuali e l\u2019informativa privacy del fornitore.<\/p>\n<p>&nbsp;<\/p>\n<p><span style=\"text-decoration: underline;\">Neswletter \u2013 finalit\u00e0 b)<\/span><\/p>\n<p>L\u2019invio delle newsletter prevedere l\u2019utilizzo di un portale che archivia i dati nei propri database al di fuori dall\u2019Unione Europea (Stati Uniti d\u2019America). I dati trasmessi e archiviati nei database del fornitore di servizi sono il nominativo e l\u2019indirizzo e-mail. Il fornitore utilizzato \u00e8 Mailchimp.<\/p>\n<p><span style=\"text-decoration: underline;\"><strong>Art. 7. Diritti degli interessati<\/strong><\/span><\/p>\n<p><span style=\"text-decoration: underline;\">Art. 7 n. 3<\/span> L&#8217;interessato ha il diritto di revocare il proprio consenso in qualsiasi momento; <span style=\"text-decoration: underline;\">Art. 15<\/span> Diritto di accesso, comprensivo del diritto di ottenere l\u2019indicazione del periodo di conservazione dei dati personali previsto, oppure se non \u00e8 possibile i criteri utilizzati per determinare tale periodo. Diritto di ottenere indicazione sull\u2019origine dei dati raccolti, nonch\u00e9 delle finalit\u00e0 e delle modalit\u00e0 di trattamento. Diritto di proporre in qualsiasi momento reclamo all\u2019Autorit\u00e0 di controllo (Garante per la Protezione dei Dati Personali); <span style=\"text-decoration: underline;\">Art. 16<\/span> Diritto dell\u2019interessato di ottenere l\u2019aggiornamento, la rettifica ovvero l\u2019integrazione dei dati personali; <span style=\"text-decoration: underline;\">Art. 17<\/span> Diritto alla cancellazione e diritto all\u2019oblio; <span style=\"text-decoration: underline;\">Art. 18<\/span> Diritto di limitazione di trattamento, quando previsto; <span style=\"text-decoration: underline;\">Art. 20<\/span> Diritto alla portabilit\u00e0 dei dati, qualora la tecnologia in essere lo permetta; <span style=\"text-decoration: underline;\">Art. 21<\/span> Diritto di opporsi, in qualsiasi momento per motivi connessi alla sua situazione particolare, nel caso in cui il trattamento sia effettuato nell\u2019esercizio di pubblici poteri o nello svolgimento di un compito di interesse pubblico oppure se \u00e8 effettuato il base al legittimo interesse del titolare; <span style=\"text-decoration: underline;\">Art. 22<\/span> Diritto di ottenere indicazioni sull\u2019esistenza di un processo decisionale automatizzato, compresa la profilazione.<\/p>\n<p>Inoltre, l\u2019<span style=\"text-decoration: underline;\">Art. 19<\/span> obbliga il Titolare a notificare la rettifica, cancellazione e\/o limitazione del trattamento richiesta dagli interessati.<\/p>\n<p>&nbsp;<\/p>\n<p><span style=\"text-decoration: underline;\"><strong>Art. 8. Istanze degli interessati: <\/strong><\/span><em><span style=\"text-decoration: underline;\">come possono essere esercitati i diritti<\/span><\/em><\/p>\n<p>Le istanze relative all\u2019esercizio dei diritti di cui al precedente Art. 7 potranno essere presentate dagli interessati al Titolare del trattamento tramite lettera raccomandata o e-mail agli indirizzi riportati al precedente Art. 1.<\/p>\n<p>In tutti i casi gli interessati dovranno allegare alla richiesta un proprio documento d\u2019identit\u00e0 in corso di validit\u00e0.<\/p>\n<p>&nbsp;<\/p>\n<p><span style=\"text-decoration: underline;\"><strong>Art. 9. Aggiornamenti a questa informativa<\/strong><\/span><\/p>\n<p>La presente Informativa pu\u00f2 essere soggetta a modifiche ed integrazioni, anche quale conseguenza di eventuali modifiche e\/o integrazioni normative. Le eventuali modifiche saranno comunicate agli interessati.<\/p>\n<p>Si ricorda che l&#8217;interessato potr\u00e0 ottenere il testo dell&#8217;informativa costantemente aggiornata inviando una richiesta a: info@centroserigrafico.com[\/vc_column_text][\/vc_column][\/vc_row][vc_row][vc_column][\/vc_column][\/vc_row]<\/p>\n","protected":false},"excerpt":{"rendered":"<p>[vc_row bg_type=&#8221;bg_color&#8221; bg_override=&#8221;ex-full&#8221; bg_color_value=&#8221;#ffffff&#8221; css=&#8221;.vc_custom_1611242620832{padding-top: -300px !important;padding-right: -300px !important;padding-bottom: -300px !important;padding-left: -300px !important;background-color: #ffffff !important;}&#8221;][vc_column][vc_column_text]Informativa sul trattamento e sulla protezione dei dati personali &nbsp; C.S. Centro Serigrafico s.r.l. informa su come tratta e protegge i dati personali che pu\u00f2 trattare e acquisire tramite il sito internet. &nbsp; Art. 1. Titolare del trattamento: chi raccoglie i [&hellip;]<\/p>\n","protected":false},"author":1,"featured_media":0,"parent":0,"menu_order":0,"comment_status":"closed","ping_status":"open","template":"","meta":{"footnotes":""},"class_list":["post-3","page","type-page","status-publish","hentry"],"yoast_head":"<!-- This site is optimized with the Yoast SEO plugin v26.1.1 - https:\/\/yoast.com\/wordpress\/plugins\/seo\/ -->\n<title>PRIVACY POLICY | C.S. Centro Serigrafico s.rl. - Cookie<\/title>\n<meta name=\"description\" content=\"Privacy Policy ha lo scopo di descrivere le modalit\u00e0 di gestione di questo sito, in riferimento al trattamento dei dati personali\" \/>\n<meta name=\"robots\" content=\"index, follow, max-snippet:-1, max-image-preview:large, max-video-preview:-1\" \/>\n<link rel=\"canonical\" href=\"https:\/\/www.centroserigrafico.it\/index.php\/privacy-cookie-policy\/\" \/>\n<meta property=\"og:locale\" content=\"it_IT\" \/>\n<meta property=\"og:type\" content=\"article\" \/>\n<meta property=\"og:title\" content=\"PRIVACY POLICY | C.S. Centro Serigrafico s.rl. - Cookie\" \/>\n<meta property=\"og:description\" content=\"Privacy Policy ha lo scopo di descrivere le modalit\u00e0 di gestione di questo sito, in riferimento al trattamento dei dati personali\" \/>\n<meta property=\"og:url\" content=\"https:\/\/www.centroserigrafico.it\/index.php\/privacy-cookie-policy\/\" \/>\n<meta property=\"og:site_name\" content=\"C.S. Centro Serigrafico\" \/>\n<meta property=\"article:modified_time\" content=\"2021-07-28T12:50:58+00:00\" \/>\n<meta name=\"twitter:card\" content=\"summary_large_image\" \/>\n<meta name=\"twitter:label1\" content=\"Tempo di lettura stimato\" \/>\n\t<meta name=\"twitter:data1\" content=\"6 minuti\" \/>\n<script type=\"application\/ld+json\" class=\"yoast-schema-graph\">{\"@context\":\"https:\/\/schema.org\",\"@graph\":[{\"@type\":\"WebPage\",\"@id\":\"https:\/\/www.centroserigrafico.it\/index.php\/privacy-cookie-policy\/\",\"url\":\"https:\/\/www.centroserigrafico.it\/index.php\/privacy-cookie-policy\/\",\"name\":\"PRIVACY POLICY | C.S. Centro Serigrafico s.rl. - Cookie\",\"isPartOf\":{\"@id\":\"https:\/\/www.centroserigrafico.it\/#website\"},\"datePublished\":\"2018-06-06T07:18:00+00:00\",\"dateModified\":\"2021-07-28T12:50:58+00:00\",\"description\":\"Privacy Policy ha lo scopo di descrivere le modalit\u00e0 di gestione di questo sito, in riferimento al trattamento dei dati personali\",\"breadcrumb\":{\"@id\":\"https:\/\/www.centroserigrafico.it\/index.php\/privacy-cookie-policy\/#breadcrumb\"},\"inLanguage\":\"it-IT\",\"potentialAction\":[{\"@type\":\"ReadAction\",\"target\":[\"https:\/\/www.centroserigrafico.it\/index.php\/privacy-cookie-policy\/\"]}]},{\"@type\":\"BreadcrumbList\",\"@id\":\"https:\/\/www.centroserigrafico.it\/index.php\/privacy-cookie-policy\/#breadcrumb\",\"itemListElement\":[{\"@type\":\"ListItem\",\"position\":1,\"name\":\"Home\",\"item\":\"https:\/\/www.centroserigrafico.it\/\"},{\"@type\":\"ListItem\",\"position\":2,\"name\":\"Privacy Policy\"}]},{\"@type\":\"WebSite\",\"@id\":\"https:\/\/www.centroserigrafico.it\/#website\",\"url\":\"https:\/\/www.centroserigrafico.it\/\",\"name\":\"C.S. Centro Serigrafico\",\"description\":\"Grafica industriale\",\"publisher\":{\"@id\":\"https:\/\/www.centroserigrafico.it\/#organization\"},\"potentialAction\":[{\"@type\":\"SearchAction\",\"target\":{\"@type\":\"EntryPoint\",\"urlTemplate\":\"https:\/\/www.centroserigrafico.it\/?s={search_term_string}\"},\"query-input\":{\"@type\":\"PropertyValueSpecification\",\"valueRequired\":true,\"valueName\":\"search_term_string\"}}],\"inLanguage\":\"it-IT\"},{\"@type\":\"Organization\",\"@id\":\"https:\/\/www.centroserigrafico.it\/#organization\",\"name\":\"C.S. Centro Serigrafico\",\"url\":\"https:\/\/www.centroserigrafico.it\/\",\"logo\":{\"@type\":\"ImageObject\",\"inLanguage\":\"it-IT\",\"@id\":\"https:\/\/www.centroserigrafico.it\/#\/schema\/logo\/image\/\",\"url\":\"https:\/\/www.centroserigrafico.it\/wp-content\/uploads\/logo1.png\",\"contentUrl\":\"https:\/\/www.centroserigrafico.it\/wp-content\/uploads\/logo1.png\",\"width\":1200,\"height\":1200,\"caption\":\"C.S. Centro Serigrafico\"},\"image\":{\"@id\":\"https:\/\/www.centroserigrafico.it\/#\/schema\/logo\/image\/\"}}]}<\/script>\n<!-- \/ Yoast SEO plugin. -->","yoast_head_json":{"title":"PRIVACY POLICY | C.S. Centro Serigrafico s.rl. - Cookie","description":"Privacy Policy ha lo scopo di descrivere le modalit\u00e0 di gestione di questo sito, in riferimento al trattamento dei dati personali","robots":{"index":"index","follow":"follow","max-snippet":"max-snippet:-1","max-image-preview":"max-image-preview:large","max-video-preview":"max-video-preview:-1"},"canonical":"https:\/\/www.centroserigrafico.it\/index.php\/privacy-cookie-policy\/","og_locale":"it_IT","og_type":"article","og_title":"PRIVACY POLICY | C.S. Centro Serigrafico s.rl. - Cookie","og_description":"Privacy Policy ha lo scopo di descrivere le modalit\u00e0 di gestione di questo sito, in riferimento al trattamento dei dati personali","og_url":"https:\/\/www.centroserigrafico.it\/index.php\/privacy-cookie-policy\/","og_site_name":"C.S. Centro Serigrafico","article_modified_time":"2021-07-28T12:50:58+00:00","twitter_card":"summary_large_image","twitter_misc":{"Tempo di lettura stimato":"6 minuti"},"schema":{"@context":"https:\/\/schema.org","@graph":[{"@type":"WebPage","@id":"https:\/\/www.centroserigrafico.it\/index.php\/privacy-cookie-policy\/","url":"https:\/\/www.centroserigrafico.it\/index.php\/privacy-cookie-policy\/","name":"PRIVACY POLICY | C.S. Centro Serigrafico s.rl. - Cookie","isPartOf":{"@id":"https:\/\/www.centroserigrafico.it\/#website"},"datePublished":"2018-06-06T07:18:00+00:00","dateModified":"2021-07-28T12:50:58+00:00","description":"Privacy Policy ha lo scopo di descrivere le modalit\u00e0 di gestione di questo sito, in riferimento al trattamento dei dati personali","breadcrumb":{"@id":"https:\/\/www.centroserigrafico.it\/index.php\/privacy-cookie-policy\/#breadcrumb"},"inLanguage":"it-IT","potentialAction":[{"@type":"ReadAction","target":["https:\/\/www.centroserigrafico.it\/index.php\/privacy-cookie-policy\/"]}]},{"@type":"BreadcrumbList","@id":"https:\/\/www.centroserigrafico.it\/index.php\/privacy-cookie-policy\/#breadcrumb","itemListElement":[{"@type":"ListItem","position":1,"name":"Home","item":"https:\/\/www.centroserigrafico.it\/"},{"@type":"ListItem","position":2,"name":"Privacy Policy"}]},{"@type":"WebSite","@id":"https:\/\/www.centroserigrafico.it\/#website","url":"https:\/\/www.centroserigrafico.it\/","name":"C.S. Centro Serigrafico","description":"Grafica industriale","publisher":{"@id":"https:\/\/www.centroserigrafico.it\/#organization"},"potentialAction":[{"@type":"SearchAction","target":{"@type":"EntryPoint","urlTemplate":"https:\/\/www.centroserigrafico.it\/?s={search_term_string}"},"query-input":{"@type":"PropertyValueSpecification","valueRequired":true,"valueName":"search_term_string"}}],"inLanguage":"it-IT"},{"@type":"Organization","@id":"https:\/\/www.centroserigrafico.it\/#organization","name":"C.S. Centro Serigrafico","url":"https:\/\/www.centroserigrafico.it\/","logo":{"@type":"ImageObject","inLanguage":"it-IT","@id":"https:\/\/www.centroserigrafico.it\/#\/schema\/logo\/image\/","url":"https:\/\/www.centroserigrafico.it\/wp-content\/uploads\/logo1.png","contentUrl":"https:\/\/www.centroserigrafico.it\/wp-content\/uploads\/logo1.png","width":1200,"height":1200,"caption":"C.S. Centro Serigrafico"},"image":{"@id":"https:\/\/www.centroserigrafico.it\/#\/schema\/logo\/image\/"}}]}},"jetpack_sharing_enabled":true,"_links":{"self":[{"href":"https:\/\/www.centroserigrafico.it\/index.php\/wp-json\/wp\/v2\/pages\/3","targetHints":{"allow":["GET"]}}],"collection":[{"href":"https:\/\/www.centroserigrafico.it\/index.php\/wp-json\/wp\/v2\/pages"}],"about":[{"href":"https:\/\/www.centroserigrafico.it\/index.php\/wp-json\/wp\/v2\/types\/page"}],"author":[{"embeddable":true,"href":"https:\/\/www.centroserigrafico.it\/index.php\/wp-json\/wp\/v2\/users\/1"}],"replies":[{"embeddable":true,"href":"https:\/\/www.centroserigrafico.it\/index.php\/wp-json\/wp\/v2\/comments?post=3"}],"version-history":[{"count":16,"href":"https:\/\/www.centroserigrafico.it\/index.php\/wp-json\/wp\/v2\/pages\/3\/revisions"}],"predecessor-version":[{"id":3916,"href":"https:\/\/www.centroserigrafico.it\/index.php\/wp-json\/wp\/v2\/pages\/3\/revisions\/3916"}],"wp:attachment":[{"href":"https:\/\/www.centroserigrafico.it\/index.php\/wp-json\/wp\/v2\/media?parent=3"}],"curies":[{"name":"wp","href":"https:\/\/api.w.org\/{rel}","templated":true}]}}