{"id":3121,"date":"2021-02-04T12:44:41","date_gmt":"2021-02-04T11:44:41","guid":{"rendered":"https:\/\/www.centroserigrafico.it\/?page_id=3121"},"modified":"2021-08-06T11:55:50","modified_gmt":"2021-08-06T09:55:50","slug":"serigrafia","status":"publish","type":"page","link":"https:\/\/www.centroserigrafico.it\/index.php\/serigrafia\/","title":{"rendered":"SERIGRAFIA"},"content":{"rendered":"<p>[vc_row bg_type=&#8221;bg_color&#8221; bg_override=&#8221;ex-full&#8221; bg_color_value=&#8221;#ffffff&#8221;][vc_column width=&#8221;1\/2&#8243;]<div id=\"1612269599726-1c022a92-b823\" class=\"dt-sc-empty-space\"><\/div><div id=\"ultimate-heading-495569fc6d67291c5\" class=\"uvc-heading ult-adjust-bottom-margin ultimate-heading-495569fc6d67291c5 uvc-7414 \" data-hspacer=\"no_spacer\"  data-halign=\"center\" style=\"text-align:center\"><div class=\"uvc-heading-spacer no_spacer\" style=\"top\"><\/div><div class=\"uvc-main-heading ult-responsive\"  data-ultimate-target='.uvc-heading.ultimate-heading-495569fc6d67291c5 h2'  data-responsive-json-new='{\"font-size\":\"desktop:40px;\",\"line-height\":\"\"}' ><h2 style=\"font-family:&#039;Montserrat&#039;;font-weight:normal;color:#000000;\">SERIGRAFIA<\/h2><\/div><\/div><div id=\"1612269717094-826037a1-320d\" class=\"dt-sc-empty-space\"><\/div>[\/vc_column][vc_column width=&#8221;1\/2&#8243;][\/vc_column][\/vc_row][vc_row full_width=&#8221;default_no_spaces&#8221; content_placement=&#8221;top&#8221; bg_type=&#8221;bg_color&#8221; bg_override=&#8221;ex-full&#8221; bg_color_value=&#8221;#ffffff&#8221;][vc_column width=&#8221;1\/2&#8243;][vc_single_image image=&#8221;4054&#8243; img_size=&#8221;full&#8221; css_animation=&#8221;fadeInUp&#8221; css=&#8221;.vc_custom_1627987075876{margin-right: 100px !important;margin-left: -300px !important;}&#8221;][vc_column_text css_animation=&#8221;fadeInUp&#8221; css=&#8221;.vc_custom_1625561611201{margin-top: -30px !important;margin-left: -170px !important;}&#8221;]<\/p>\n<p style=\"text-align: right; font-size: 11px;\"><em><strong>Racla<\/strong> (in foto) serve a premere l&#8217;inchiostro attraverso le<br \/>\nmaglie libere della matrice, composta da una lamina di gomma<br \/>\ncon un impugnatura in legno o metallo<\/em><\/p>\n<p>[\/vc_column_text][vc_text_separator title=&#8221;COME FUNZIONA?&#8221; i_icon_fontawesome=&#8221;fas fa-fill-drip&#8221; i_color=&#8221;custom&#8221; i_size=&#8221;sm&#8221; title_align=&#8221;separator_align_left&#8221; align=&#8221;align_left&#8221; color=&#8221;custom&#8221; border_width=&#8221;3&#8243; css_animation=&#8221;fadeInUp&#8221; add_icon=&#8221;true&#8221; i_custom_color=&#8221;#2398d6&#8243; accent_color=&#8221;#2398d6&#8243;][vc_column_text]<\/p>\n<p style=\"text-align: left;\">La serigrafia, detta anche <em>silkscreen<\/em> (trama di seta), \u00e8 un particolare processo di stampa su oggetti di vari materiali tramite un telaio di tessuto, prima di seta, poi di nylon o altre fibre sintetiche, che permette il passaggio di inchiostro nelle parti non occluse. Questo risultato si ottiene coprendo il telaio con una sostanza gelatinosa (gelatina foto-sensibile), ponendovi sopra il disegno e viene fotoinciso con una lampada UV. La gelatina,\u00a0 si indurisce mentre si scioglie in corrispondenza del disegno, liberando le zone interessate, le quali, tramite pressione di una spatola (<em>racla<\/em>), filtrano l&#8217;inchiostro sull&#8217;oggetto da stampare.<\/p>\n<p>[\/vc_column_text][vc_single_image image=&#8221;4059&#8243; img_size=&#8221;700xauto&#8221; css_animation=&#8221;fadeInUp&#8221;][vc_column_text css_animation=&#8221;fadeInUp&#8221; css=&#8221;.vc_custom_1614786121102{margin-top: -30px !important;margin-right: -170px !important;}&#8221;]<\/p>\n<p style=\"font-size: 11px; text-align: left;\"><em>Nello zoom possiamo notare la differenza tra maglie chiuse lilla<br \/>\n(gelatina catalizzata) e maglie aperte, quindi bianche<br \/>\n<\/em><\/p>\n<p>[\/vc_column_text][\/vc_column][vc_column width=&#8221;1\/2&#8243;][vc_text_separator title=&#8221;LE LONTANE ORIGINI&#8221; i_icon_fontawesome=&#8221;fas fa-atlas&#8221; i_color=&#8221;custom&#8221; i_size=&#8221;sm&#8221; title_align=&#8221;separator_align_right&#8221; align=&#8221;align_right&#8221; color=&#8221;custom&#8221; border_width=&#8221;3&#8243; css_animation=&#8221;fadeInUp&#8221; add_icon=&#8221;true&#8221; i_custom_color=&#8221;#2398d6&#8243; accent_color=&#8221;#2398d6&#8243;][vc_column_text]Le prime forme di questa pratica si ritrovano gi\u00e0 nell&#8217;antichit\u00e0. In Egitto e in Cina, per esempio, venivano stampati tessuti e ceramiche con l&#8217;utilizzo di telai rudimentali.<br \/>\nLa prima stampa serigrafica che ricalca quella della moderna concezione nasce in Giappone nel Seicento, con il procedimento <em>permeografico<\/em>\u00a0per decorare carta e tessuti, tecnica arrivata a noi solo nell&#8217;Ottocento e conosciuta con il nome di\u00a0<em>pochoir<\/em>\u00a0o\u00a0<em>stencil<\/em>.<br \/>\nDal 1907 il <em>clich\u00e9<\/em> viene realizzato fotograficamente dall&#8217;inglese S. Simon e dallo statunitense J. Pilsworth. Sempre negli Stati Uniti si costruisce la prima macchina serigrafica (1920) e si diffonde la nuova tecnica che, ne breve tempo, ottiene grandi riscontri. Nel campo artistico, soprattutto in tempi recenti con la\u00a0<em>Pop-Art<\/em> e A. Warhol, la tecnica serigrafica riscuote notevole attenzione proprio per la possibilit\u00e0 di rilasciare campiture intense di colori al tratto omogenei e molto moderni.[\/vc_column_text][vc_images_carousel images=&#8221;4017,4018,4019,4020&#8243; img_size=&#8221;200xauto&#8221; onclick=&#8221;link_no&#8221; speed=&#8221;&#8221; slides_per_view=&#8221;4&#8243; hide_pagination_control=&#8221;yes&#8221; hide_prev_next_buttons=&#8221;yes&#8221; css_animation=&#8221;fadeInUp&#8221; css=&#8221;.vc_custom_1627914938270{padding-left: -20px !important;}&#8221;][vc_column_text css_animation=&#8221;fadeInUp&#8221; css=&#8221;.vc_custom_1612437046600{margin-top: -30px !important;margin-right: -170px !important;}&#8221;]<\/p>\n<p style=\"font-size: 11px; text-align: left;\"><em>Esempi di serigrafie d&#8217;autore <strong>pop-art<\/strong><br \/>\n<\/em><\/p>\n<p>[\/vc_column_text]<div id=\"1612436699800-d4fe9e7d-eef3\" class=\"dt-sc-empty-space\"><\/div>[vc_single_image image=&#8221;4057&#8243; img_size=&#8221;large&#8221; css_animation=&#8221;fadeInUp&#8221; css=&#8221;.vc_custom_1627985352931{margin-right: -700px !important;border-left-width: 200px !important;}&#8221;][vc_column_text css_animation=&#8221;fadeInUp&#8221; css=&#8221;.vc_custom_1612428353523{margin-top: -30px !important;margin-right: -170px !important;}&#8221;]<\/p>\n<p style=\"font-size: 11px; text-align: left;\"><em>Scaffalatura per archivio dei <strong>telai<\/strong> in ferro<br \/>\n<\/em><\/p>\n<p>[\/vc_column_text][vc_column_text css_animation=&#8221;fadeInUp&#8221; css=&#8221;.vc_custom_1612437410793{padding-top: -10px !important;}&#8221;]<span class=\"testo\">La <strong>serigrafia grafica<\/strong> \u00e8 quella normalmente intesa per stampa pubblicitaria o di illustrazioni e grafici o disegni;<br \/>\n<\/span><span class=\"testo\">la <strong>serigrafia industriale<\/strong> per applicazioni di decorazione funzionale e non solo decorativa (pannelli di comando, segnaletica stradale ecc.);<br \/>\nla <strong>serigrafia artistica<\/strong> \u00e8 sia tecnica artistica che modalit\u00e0 operativa per riprodurre opere pi\u00f9 vicine possibile all&#8217;originale.<\/span>[\/vc_column_text][\/vc_column][\/vc_row][vc_row][vc_column]<div id=\"1617796629695-a8a9f3ac-df6c\" class=\"dt-sc-empty-space\"><\/div>[vc_text_separator title=&#8221;Contattaci per altre info&#8221; color=&#8221;custom&#8221; border_width=&#8221;3&#8243; css_animation=&#8221;fadeInUp&#8221; accent_color=&#8221;#2398d6&#8243;][vc_row_inner][vc_column_inner width=&#8221;1\/3&#8243;]<div class='dt-sc-icon-box type4 '><div class=\"icon-wrapper\"><span class='fas fa-tty'> <\/span><\/div><div class=\"icon-content\"><h4>Telefono<\/h4><p><h6>Tel. 030 2732831<\/h6><\/p><\/div><\/div>[\/vc_column_inner][vc_column_inner width=&#8221;1\/3&#8243;]<div class='dt-sc-icon-box type4 '><div class=\"icon-wrapper\"><span class='fas fa-at'> <\/span><\/div><div class=\"icon-content\"><h4>Mail<\/h4><p><h6>info@centroserigrafico.com<\/h6><\/p><\/div><\/div>[\/vc_column_inner][vc_column_inner width=&#8221;1\/3&#8243;]<div class='dt-sc-icon-box type4 '><div class=\"icon-wrapper\"><span class='fas fa-phone-alt'> <\/span><\/div><div class=\"icon-content\"><h4>Whatsapp<\/h4><p><h6>Cel +39 3341072143<\/h6><\/p><\/div><\/div>[\/vc_column_inner][\/vc_row_inner][\/vc_column][\/vc_row][vc_row bg_type=&#8221;bg_color&#8221; bg_override=&#8221;ex-full&#8221; bg_color_value=&#8221;#ededed&#8221; css=&#8221;.vc_custom_1628070457377{padding-top: 10px !important;padding-bottom: 10px !important;}&#8221;][vc_column][vc_empty_space height=&#8221;20&#8243;][vc_text_separator title=&#8221;Ci trovi anche sui social&#8221; color=&#8221;custom&#8221; border_width=&#8221;3&#8243; css_animation=&#8221;fadeInUp&#8221; accent_color=&#8221;#2398d6&#8243; css=&#8221;.vc_custom_1628070132542{margin-bottom: 20px !important;}&#8221;][vc_row_inner][vc_column_inner width=&#8221;1\/2&#8243;][vc_message message_box_color=&#8221;blue&#8221; icon_fontawesome=&#8221;fab fa-facebook-square&#8221;]<a href=\"https:\/\/www.facebook.com\/CS-Centro-Serigrafico-srl-105957647750064\/\">Facebook<\/a>[\/vc_message][\/vc_column_inner][vc_column_inner width=&#8221;1\/2&#8243;][vc_message message_box_color=&#8221;purple&#8221; icon_type=&#8221;entypo&#8221; icon_entypo=&#8221;entypo-icon entypo-icon-instagrem&#8221;]<a href=\"https:\/\/www.instagram.com\/cscentroserigrafico\/?hl=it\">Instagram<\/a>[\/vc_message][\/vc_column_inner][\/vc_row_inner][\/vc_column][\/vc_row]<\/p>\n","protected":false},"excerpt":{"rendered":"<p>[vc_row bg_type=&#8221;bg_color&#8221; bg_override=&#8221;ex-full&#8221; bg_color_value=&#8221;#ffffff&#8221;][vc_column width=&#8221;1\/2&#8243;][\/vc_column][vc_column width=&#8221;1\/2&#8243;][\/vc_column][\/vc_row][vc_row full_width=&#8221;default_no_spaces&#8221; content_placement=&#8221;top&#8221; bg_type=&#8221;bg_color&#8221; bg_override=&#8221;ex-full&#8221; bg_color_value=&#8221;#ffffff&#8221;][vc_column width=&#8221;1\/2&#8243;][vc_single_image image=&#8221;4054&#8243; img_size=&#8221;full&#8221; css_animation=&#8221;fadeInUp&#8221; css=&#8221;.vc_custom_1627987075876{margin-right: 100px !important;margin-left: -300px !important;}&#8221;][vc_column_text css_animation=&#8221;fadeInUp&#8221; css=&#8221;.vc_custom_1625561611201{margin-top: -30px !important;margin-left: -170px !important;}&#8221;] Racla (in foto) serve a premere l&#8217;inchiostro attraverso le maglie libere della matrice, composta da una lamina di gomma con un impugnatura in legno o metallo [\/vc_column_text][vc_text_separator title=&#8221;COME FUNZIONA?&#8221; [&hellip;]<\/p>\n","protected":false},"author":1,"featured_media":0,"parent":0,"menu_order":0,"comment_status":"closed","ping_status":"closed","template":"","meta":{"footnotes":""},"class_list":["post-3121","page","type-page","status-publish","hentry"],"yoast_head":"<!-- This site is optimized with the Yoast SEO plugin v26.1.1 - https:\/\/yoast.com\/wordpress\/plugins\/seo\/ -->\n<title>SERIGRAFIA | C.S. Centro Serigrafico s.r.l. - L&#039;arte della serigrafia<\/title>\n<meta name=\"description\" content=\"La serigrafia \u00e8 un particolare processo di stampa tramite un telaio di nylon che permette il passaggio di inchiostro nelle parti non occluse\" \/>\n<meta name=\"robots\" content=\"index, follow, max-snippet:-1, max-image-preview:large, max-video-preview:-1\" \/>\n<link rel=\"canonical\" href=\"https:\/\/www.centroserigrafico.it\/index.php\/serigrafia\/\" \/>\n<meta property=\"og:locale\" content=\"it_IT\" \/>\n<meta property=\"og:type\" content=\"article\" \/>\n<meta property=\"og:title\" content=\"SERIGRAFIA | C.S. Centro Serigrafico s.r.l. - L&#039;arte della serigrafia\" \/>\n<meta property=\"og:description\" content=\"La serigrafia \u00e8 un particolare processo di stampa tramite un telaio di nylon che permette il passaggio di inchiostro nelle parti non occluse\" \/>\n<meta property=\"og:url\" content=\"https:\/\/www.centroserigrafico.it\/index.php\/serigrafia\/\" \/>\n<meta property=\"og:site_name\" content=\"C.S. Centro Serigrafico\" \/>\n<meta property=\"article:modified_time\" content=\"2021-08-06T09:55:50+00:00\" \/>\n<meta name=\"twitter:card\" content=\"summary_large_image\" \/>\n<meta name=\"twitter:label1\" content=\"Tempo di lettura stimato\" \/>\n\t<meta name=\"twitter:data1\" content=\"3 minuti\" \/>\n<script type=\"application\/ld+json\" class=\"yoast-schema-graph\">{\"@context\":\"https:\/\/schema.org\",\"@graph\":[{\"@type\":\"WebPage\",\"@id\":\"https:\/\/www.centroserigrafico.it\/index.php\/serigrafia\/\",\"url\":\"https:\/\/www.centroserigrafico.it\/index.php\/serigrafia\/\",\"name\":\"SERIGRAFIA | C.S. Centro Serigrafico s.r.l. - L'arte della serigrafia\",\"isPartOf\":{\"@id\":\"https:\/\/www.centroserigrafico.it\/#website\"},\"datePublished\":\"2021-02-04T11:44:41+00:00\",\"dateModified\":\"2021-08-06T09:55:50+00:00\",\"description\":\"La serigrafia \u00e8 un particolare processo di stampa tramite un telaio di nylon che permette il passaggio di inchiostro nelle parti non occluse\",\"breadcrumb\":{\"@id\":\"https:\/\/www.centroserigrafico.it\/index.php\/serigrafia\/#breadcrumb\"},\"inLanguage\":\"it-IT\",\"potentialAction\":[{\"@type\":\"ReadAction\",\"target\":[\"https:\/\/www.centroserigrafico.it\/index.php\/serigrafia\/\"]}]},{\"@type\":\"BreadcrumbList\",\"@id\":\"https:\/\/www.centroserigrafico.it\/index.php\/serigrafia\/#breadcrumb\",\"itemListElement\":[{\"@type\":\"ListItem\",\"position\":1,\"name\":\"Home\",\"item\":\"https:\/\/www.centroserigrafico.it\/\"},{\"@type\":\"ListItem\",\"position\":2,\"name\":\"SERIGRAFIA\"}]},{\"@type\":\"WebSite\",\"@id\":\"https:\/\/www.centroserigrafico.it\/#website\",\"url\":\"https:\/\/www.centroserigrafico.it\/\",\"name\":\"C.S. Centro Serigrafico\",\"description\":\"Grafica industriale\",\"publisher\":{\"@id\":\"https:\/\/www.centroserigrafico.it\/#organization\"},\"potentialAction\":[{\"@type\":\"SearchAction\",\"target\":{\"@type\":\"EntryPoint\",\"urlTemplate\":\"https:\/\/www.centroserigrafico.it\/?s={search_term_string}\"},\"query-input\":{\"@type\":\"PropertyValueSpecification\",\"valueRequired\":true,\"valueName\":\"search_term_string\"}}],\"inLanguage\":\"it-IT\"},{\"@type\":\"Organization\",\"@id\":\"https:\/\/www.centroserigrafico.it\/#organization\",\"name\":\"C.S. Centro Serigrafico\",\"url\":\"https:\/\/www.centroserigrafico.it\/\",\"logo\":{\"@type\":\"ImageObject\",\"inLanguage\":\"it-IT\",\"@id\":\"https:\/\/www.centroserigrafico.it\/#\/schema\/logo\/image\/\",\"url\":\"https:\/\/www.centroserigrafico.it\/wp-content\/uploads\/logo1.png\",\"contentUrl\":\"https:\/\/www.centroserigrafico.it\/wp-content\/uploads\/logo1.png\",\"width\":1200,\"height\":1200,\"caption\":\"C.S. Centro Serigrafico\"},\"image\":{\"@id\":\"https:\/\/www.centroserigrafico.it\/#\/schema\/logo\/image\/\"}}]}<\/script>\n<!-- \/ Yoast SEO plugin. -->","yoast_head_json":{"title":"SERIGRAFIA | C.S. Centro Serigrafico s.r.l. - L'arte della serigrafia","description":"La serigrafia \u00e8 un particolare processo di stampa tramite un telaio di nylon che permette il passaggio di inchiostro nelle parti non occluse","robots":{"index":"index","follow":"follow","max-snippet":"max-snippet:-1","max-image-preview":"max-image-preview:large","max-video-preview":"max-video-preview:-1"},"canonical":"https:\/\/www.centroserigrafico.it\/index.php\/serigrafia\/","og_locale":"it_IT","og_type":"article","og_title":"SERIGRAFIA | C.S. Centro Serigrafico s.r.l. - L'arte della serigrafia","og_description":"La serigrafia \u00e8 un particolare processo di stampa tramite un telaio di nylon che permette il passaggio di inchiostro nelle parti non occluse","og_url":"https:\/\/www.centroserigrafico.it\/index.php\/serigrafia\/","og_site_name":"C.S. Centro Serigrafico","article_modified_time":"2021-08-06T09:55:50+00:00","twitter_card":"summary_large_image","twitter_misc":{"Tempo di lettura stimato":"3 minuti"},"schema":{"@context":"https:\/\/schema.org","@graph":[{"@type":"WebPage","@id":"https:\/\/www.centroserigrafico.it\/index.php\/serigrafia\/","url":"https:\/\/www.centroserigrafico.it\/index.php\/serigrafia\/","name":"SERIGRAFIA | C.S. Centro Serigrafico s.r.l. - L'arte della serigrafia","isPartOf":{"@id":"https:\/\/www.centroserigrafico.it\/#website"},"datePublished":"2021-02-04T11:44:41+00:00","dateModified":"2021-08-06T09:55:50+00:00","description":"La serigrafia \u00e8 un particolare processo di stampa tramite un telaio di nylon che permette il passaggio di inchiostro nelle parti non occluse","breadcrumb":{"@id":"https:\/\/www.centroserigrafico.it\/index.php\/serigrafia\/#breadcrumb"},"inLanguage":"it-IT","potentialAction":[{"@type":"ReadAction","target":["https:\/\/www.centroserigrafico.it\/index.php\/serigrafia\/"]}]},{"@type":"BreadcrumbList","@id":"https:\/\/www.centroserigrafico.it\/index.php\/serigrafia\/#breadcrumb","itemListElement":[{"@type":"ListItem","position":1,"name":"Home","item":"https:\/\/www.centroserigrafico.it\/"},{"@type":"ListItem","position":2,"name":"SERIGRAFIA"}]},{"@type":"WebSite","@id":"https:\/\/www.centroserigrafico.it\/#website","url":"https:\/\/www.centroserigrafico.it\/","name":"C.S. Centro Serigrafico","description":"Grafica industriale","publisher":{"@id":"https:\/\/www.centroserigrafico.it\/#organization"},"potentialAction":[{"@type":"SearchAction","target":{"@type":"EntryPoint","urlTemplate":"https:\/\/www.centroserigrafico.it\/?s={search_term_string}"},"query-input":{"@type":"PropertyValueSpecification","valueRequired":true,"valueName":"search_term_string"}}],"inLanguage":"it-IT"},{"@type":"Organization","@id":"https:\/\/www.centroserigrafico.it\/#organization","name":"C.S. Centro Serigrafico","url":"https:\/\/www.centroserigrafico.it\/","logo":{"@type":"ImageObject","inLanguage":"it-IT","@id":"https:\/\/www.centroserigrafico.it\/#\/schema\/logo\/image\/","url":"https:\/\/www.centroserigrafico.it\/wp-content\/uploads\/logo1.png","contentUrl":"https:\/\/www.centroserigrafico.it\/wp-content\/uploads\/logo1.png","width":1200,"height":1200,"caption":"C.S. Centro Serigrafico"},"image":{"@id":"https:\/\/www.centroserigrafico.it\/#\/schema\/logo\/image\/"}}]}},"jetpack_sharing_enabled":true,"_links":{"self":[{"href":"https:\/\/www.centroserigrafico.it\/index.php\/wp-json\/wp\/v2\/pages\/3121","targetHints":{"allow":["GET"]}}],"collection":[{"href":"https:\/\/www.centroserigrafico.it\/index.php\/wp-json\/wp\/v2\/pages"}],"about":[{"href":"https:\/\/www.centroserigrafico.it\/index.php\/wp-json\/wp\/v2\/types\/page"}],"author":[{"embeddable":true,"href":"https:\/\/www.centroserigrafico.it\/index.php\/wp-json\/wp\/v2\/users\/1"}],"replies":[{"embeddable":true,"href":"https:\/\/www.centroserigrafico.it\/index.php\/wp-json\/wp\/v2\/comments?post=3121"}],"version-history":[{"count":79,"href":"https:\/\/www.centroserigrafico.it\/index.php\/wp-json\/wp\/v2\/pages\/3121\/revisions"}],"predecessor-version":[{"id":4194,"href":"https:\/\/www.centroserigrafico.it\/index.php\/wp-json\/wp\/v2\/pages\/3121\/revisions\/4194"}],"wp:attachment":[{"href":"https:\/\/www.centroserigrafico.it\/index.php\/wp-json\/wp\/v2\/media?parent=3121"}],"curies":[{"name":"wp","href":"https:\/\/api.w.org\/{rel}","templated":true}]}}