{"id":3461,"date":"2021-03-25T10:28:58","date_gmt":"2021-03-25T09:28:58","guid":{"rendered":"https:\/\/www.centroserigrafico.it\/?page_id=3461"},"modified":"2021-08-06T11:52:56","modified_gmt":"2021-08-06T09:52:56","slug":"particolarita-proposte-decorative","status":"publish","type":"page","link":"https:\/\/www.centroserigrafico.it\/index.php\/particolarita-proposte-decorative\/","title":{"rendered":"PARTICOLARIT\u00c0 E PROPOSTE DECORATIVE"},"content":{"rendered":"<p>[vc_row bg_type=&#8221;bg_color&#8221; bg_override=&#8221;ex-full&#8221; bg_color_value=&#8221;#ffffff&#8221;][vc_column]<div id=\"1616600108942-dd890527-8485\" class=\"dt-sc-empty-space\"><\/div><div id=\"ultimate-heading-362569debb72a2fc4\" class=\"uvc-heading ult-adjust-bottom-margin ultimate-heading-362569debb72a2fc4 uvc-1283 \" data-hspacer=\"no_spacer\"  data-halign=\"center\" style=\"text-align:center\"><div class=\"uvc-heading-spacer no_spacer\" style=\"top\"><\/div><div class=\"uvc-main-heading ult-responsive\"  data-ultimate-target='.uvc-heading.ultimate-heading-362569debb72a2fc4 h2'  data-responsive-json-new='{\"font-size\":\"\",\"line-height\":\"\"}' ><h2 style=\"font-family:&#039;Montserrat&#039;;font-weight:normal;\">PARTICOLARIT\u00c0 E PROPOSTE DECORATIVE<\/h2><\/div><div class=\"uvc-sub-heading ult-responsive\"  data-ultimate-target='.uvc-heading.ultimate-heading-362569debb72a2fc4 .uvc-sub-heading '  data-responsive-json-new='{\"font-size\":\"\",\"line-height\":\"\"}'  style=\"font-weight:normal;margin-bottom:20px;\">SCOPRI COSA POSSIAMO REALIZZARE!<\/div><\/div>[vc_column_text]Grazie alla nostra pluridecennale esperienza, siamo in grado di soddisfare i nostri Clienti anche con la fornitura di articoli e lavorazioni particolari, quei lavori per certi aspetti \u201cfuori standard\u201d, richiesti anche in modo sporadico. Naturalmente, tecnici e personale di C.S. Centro Serigrafico sono sempre pronti ad affiancare e supportare il Cliente che necessit\u00e0 di soluzioni \u201cinsolite\u201d e, appunto, particolari.<br \/>\nPensiamo ad esempio alla \u201cCONDUTTIVIT\u00c0 di ENERGIA\u201d attraverso un\u2019etichetta, pensiamo alla stampa BRAILLE, a particolari etichette in bobina, alle PELLINE per la pulizia degli occhiali, stampate e molto apprezzate sia nel settore del turismo, sia come veicolo pubblicitario, ai REGOLI montati artigianalmente che, rispetto a quelli termoformati, danno pi\u00f9 garanzie di precisione e di durata nel tempo\u2026[\/vc_column_text][\/vc_column][\/vc_row][vc_row bg_type=&#8221;bg_color&#8221; bg_override=&#8221;ex-full&#8221; bg_color_value=&#8221;#ffffff&#8221;][vc_column width=&#8221;1\/3&#8243;]<div id=\"1621000596911-dadb766e-53ec\" class=\"dt-sc-empty-space\"><\/div>[vc_single_image image=&#8221;3980&#8243; img_size=&#8221;500&#215;350&#8243;][vc_column_text]<strong>STAMPA SU VETRO<\/strong>[\/vc_column_text][\/vc_column][vc_column width=&#8221;1\/3&#8243;]<div id=\"1621000596994-e8ae23f9-252f\" class=\"dt-sc-empty-space\"><\/div>[vc_single_image image=&#8221;3982&#8243; img_size=&#8221;500&#215;350&#8243;][vc_column_text]<strong>STAMPA SU LEGNO<\/strong>[\/vc_column_text][\/vc_column][vc_column width=&#8221;1\/3&#8243;]<div id=\"1621000597077-cd9e8caf-f7aa\" class=\"dt-sc-empty-space\"><\/div>[vc_single_image image=&#8221;3612&#8243; img_size=&#8221;500&#215;350&#8243;][vc_column_text]<strong>STAMPA SU CERAMICA<\/strong>[\/vc_column_text][\/vc_column][\/vc_row][vc_row bg_type=&#8221;bg_color&#8221; bg_override=&#8221;ex-full&#8221; bg_color_value=&#8221;#ffffff&#8221;][vc_column width=&#8221;1\/2&#8243;]<div id=\"1616600112358-860f2803-1a02\" class=\"dt-sc-empty-space\"><\/div>[vc_single_image image=&#8221;3983&#8243; img_size=&#8221;600xauto&#8221;][vc_column_text]<strong>STAMPA BRAILLE<\/strong>[\/vc_column_text][\/vc_column][vc_column width=&#8221;1\/2&#8243;]<div id=\"1616600218219-60324215-9a6f\" class=\"dt-sc-empty-space\"><\/div>[vc_single_image image=&#8221;3984&#8243; img_size=&#8221;600xauto&#8221;][vc_column_text]<strong>TARGA DI RICONOSCIMENTO IN PLEXIGLASS TRASPARENTE<\/strong>[\/vc_column_text][\/vc_column][\/vc_row][vc_row bg_type=&#8221;bg_color&#8221; bg_override=&#8221;ex-full&#8221; bg_color_value=&#8221;#ffffff&#8221;][vc_column width=&#8221;1\/2&#8243;]<div id=\"1616600289611-e1ae352f-dc04\" class=\"dt-sc-empty-space\"><\/div>[vc_single_image image=&#8221;3984&#8243; img_size=&#8221;600xauto&#8221;][vc_column_text]<strong>TABELLA COMPARATIVA ACCIAI<\/strong>[\/vc_column_text][\/vc_column][vc_column width=&#8221;1\/2&#8243;]<div id=\"1616600289672-53a8f9c7-0fc2\" class=\"dt-sc-empty-space\"><\/div>[vc_single_image image=&#8221;3986&#8243; img_size=&#8221;600xauto&#8221;][vc_column_text]<strong>QUADRO DECORATIVO A INCASTRO IN CORNICE DI PIETRA ESISTENTE<\/strong>[\/vc_column_text][\/vc_column][\/vc_row][vc_row bg_type=&#8221;bg_color&#8221; bg_override=&#8221;ex-full&#8221; bg_color_value=&#8221;#ffffff&#8221;][vc_column width=&#8221;1\/3&#8243;]<div id=\"1621325679584-388d4a93-b960\" class=\"dt-sc-empty-space\"><\/div>[vc_single_image image=&#8221;3987&#8243; img_size=&#8221;500&#215;350&#8243;][vc_column_text]<strong>PELLINE OCCHIALI<br \/>\n<\/strong>[\/vc_column_text][\/vc_column][vc_column width=&#8221;1\/3&#8243;]<div id=\"1621325679671-fbf5f185-7a02\" class=\"dt-sc-empty-space\"><\/div>[vc_single_image image=&#8221;3988&#8243; img_size=&#8221;500&#215;350&#8243;][vc_column_text]<strong>ARGENTO CONDUTTIVO<br \/>\n<\/strong>[\/vc_column_text][\/vc_column][vc_column width=&#8221;1\/3&#8243;]<div id=\"1621325679756-377e8c13-c1ac\" class=\"dt-sc-empty-space\"><\/div>[vc_single_image image=&#8221;3989&#8243; img_size=&#8221;500&#215;350&#8243;][vc_column_text]<strong>PELLICOLE DECORATIVE<br \/>\n<\/strong>[\/vc_column_text][\/vc_column][\/vc_row][vc_row][vc_column][vc_custom_heading text=&#8221;PELLICOLE DECORATIVE&#8221; font_container=&#8221;tag:h2|font_size:25|text_align:center|color:%23000000&#8243; use_theme_fonts=&#8221;yes&#8221;][vc_column_text]Altra grossa novit\u00e0 \u00e8 costituita da \u201cOPACITY CONTROL FILM\u201d una specialissima pellicola che applicata alle vetrate divisorie di uffici, studi medici, studi legali, sale riunioni, ed in tante altre situazioni, rende visivamente inviolabile la privacy\u2026<br \/>\nUna vera e propria innovazione nell\u2019ambito delle pellicole per vetri\u2026!<br \/>\nSi tratta di un film costituito da molecole di cristalli liquidi che passa da uno stato di trasparenza ad uno stato di opacit\u00e0 mediante un semplice telecomando; questo processo si attiva immediatamente sotto la tensione di un campo elettrico, e con un semplice click.<br \/>\nBasta con veneziane ingombranti che necessitano di continue pulizie\u2026! Con Opacity control FILM ti garantisci riunioni e colloqui in totale privacy visiva, con eleganza e semplicit\u00e0 che dura nel tempo.[\/vc_column_text][\/vc_column][\/vc_row][vc_row bg_type=&#8221;image&#8221; parallax_style=&#8221;vcpb-default&#8221; bg_image_new=&#8221;id^3796|url^https:\/\/www.centroserigrafico.it\/wp-content\/uploads\/NastroTricoloreBCO20-CostituzioneCScentro.png|caption^null|alt^null|title^NastroTricolore+BCO20-CostituzioneCScentro|description^null&#8221; bg_image_repeat=&#8221;no-repeat&#8221; bg_img_attach=&#8221;fixed&#8221; bg_override=&#8221;ex-full&#8221;][vc_column]<div id=\"1623674147699-f2b8a4e3-9ed5\" class=\"dt-sc-empty-space\"><\/div>[vc_custom_heading text=&#8221;UN NUOVO PROGETTO, LA COSTITUZIONE ITALIANA&#8221; font_container=&#8221;tag:h2|font_size:25|text_align:center|color:%23000000&#8243; use_theme_fonts=&#8221;yes&#8221;][vc_column_text el_class=&#8221;.costituzionetesto&#8221;]<strong>Grazie alla collaborazione con <a href=\"mailto:costituzioneitaliana.publisher@gmail.com\">Vittorio<\/a>,<\/strong> \u00e8 di questi mesi l\u2019idea di portare una nota fondamentale di informazione negli ambienti pubblici, siano essi i Municipi, le Scuole, le Biblioteche, i Tribunali\u2026 a maggior ragione ora che nelle Scuole viene finalmente reinserita la materia \u201cEducazione Civica\u201d. Su un pannello da 1,50&#215;1,00 mt. in plexiglass (tra l\u2019altro molto elegante) oppure su un materiale composito, stampiamo quella che il Maestro Roberto Benigni ha ben definito come \u201cla pi\u00f9 bella del mondo\u201d, ovvero la COSTITUZIONE ITALIANA\u2026 si, tutta intera!<br \/>\nCerto, difficilmente un cittadino si fermer\u00e0 per leggerla in toto, ma certamente sar\u00e0 un ottimo stimolo ad approfondire la conoscenza della nostra Carta Costituzionale che certifica la nostra libert\u00e0 e la consapevolezza del nostro vivere in una comunit\u00e0 civile e democratica. Il pannello viene fornito con sei fori e sei distanziali per il facile montaggio.[\/vc_column_text][vc_row_inner][vc_column_inner width=&#8221;1\/3&#8243;][vc_single_image image=&#8221;3990&#8243; img_size=&#8221;500&#215;350&#8243;][\/vc_column_inner][vc_column_inner width=&#8221;1\/3&#8243;][vc_single_image image=&#8221;3991&#8243; img_size=&#8221;500&#215;350&#8243;][\/vc_column_inner][vc_column_inner width=&#8221;1\/3&#8243;][vc_single_image image=&#8221;3992&#8243; img_size=&#8221;500&#215;350&#8243;][\/vc_column_inner][\/vc_row_inner][\/vc_column][\/vc_row][vc_row][vc_column width=&#8221;2\/3&#8243;][vc_column_text]<\/p>\n<p style=\"text-align: right;\"><strong>Per l&#8217;acquisto di questo articolo, rivolgersi a <a href=\"mailto:costituzioneitaliana.publisher@gmail.com\">costituzioneitaliana.publisher@gmail.com<\/a><\/strong><\/p>\n<p>[\/vc_column_text][\/vc_column][vc_column width=&#8221;1\/3&#8243;][vc_btn title=&#8221;Scrivi una mail!&#8221; style=&#8221;gradient-custom&#8221; gradient_custom_color_1=&#8221;#81d742&#8243; gradient_custom_color_2=&#8221;#dd3333&#8243; shape=&#8221;square&#8221; size=&#8221;sm&#8221; align=&#8221;left&#8221; i_type=&#8221;linecons&#8221; i_icon_linecons=&#8221;vc_li vc_li-mail&#8221; button_block=&#8221;true&#8221; add_icon=&#8221;true&#8221; link=&#8221;url:mailto%3Acostituzioneitaliana.publisher%40gmail.com|title:SCRIVI%20UNA%20MAIL&#8221;][\/vc_column][\/vc_row][vc_row][vc_column]<div id=\"1612276191590-e99ea4e4-e24c\" class=\"dt-sc-empty-space\"><\/div>[vc_text_separator title=&#8221;VISITA ALTRE CATEGORIE&#8221; i_icon_fontawesome=&#8221;fas fa-external-link-alt&#8221; i_color=&#8221;custom&#8221; title_align=&#8221;separator_align_left&#8221; align=&#8221;align_right&#8221; color=&#8221;custom&#8221; border_width=&#8221;3&#8243; css_animation=&#8221;fadeInUp&#8221; add_icon=&#8221;true&#8221; accent_color=&#8221;#2398d6&#8243; i_custom_color=&#8221;#2398d6&#8243;][vc_images_carousel images=&#8221;3922,3925,3926,3927,3930&#8243; img_size=&#8221;200xauto&#8221; onclick=&#8221;custom_link&#8221; custom_links_target=&#8221;_blank&#8221; slides_per_view=&#8221;5&#8243; hide_pagination_control=&#8221;yes&#8221; hide_prev_next_buttons=&#8221;yes&#8221; css_animation=&#8221;fadeInUp&#8221; custom_links=&#8221;#E-8_aHR0cHMlM0ElMkYlMkZ3d3cuY2VudHJvc2VyaWdyYWZpY28uaXQlMkZpbmRleC5waHAlMkZzb2x1emlvbmktYWRlc2l2ZSUyRiUyQ2h0dHBzJTNBJTJGJTJGd3d3LmNlbnRyb3NlcmlncmFmaWNvLml0JTJGaW5kZXgucGhwJTJGdGFyZ2hlLWUtdGFyZ2hldHRlJTJGJTJDaHR0cHMlM0ElMkYlMkZ3d3cuY2VudHJvc2VyaWdyYWZpY28uaXQlMkZpbmRleC5waHAlMkZvZ2dldHRpc3RpY2EtZ2FkZ2V0LXZhcmktZS1jb250by1sYXZvcmF6aW9uZSUyRiUyQ2h0dHBzJTNBJTJGJTJGd3d3LmNlbnRyb3NlcmlncmFmaWNvLml0JTJGaW5kZXgucGhwJTJGcHJvZG90dGktbWF0ZXJpYWxlLXBsYXN0aWNvJTJGJTJDaHR0cHMlM0ElMkYlMkZ3d3cuY2VudHJvc2VyaWdyYWZpY28uaXQlMkZpbmRleC5waHAlMkZzZWduYWxldGljYS1pbnRlcm5hLWVkLWVzdGVybmElMkY=&#8221;][vc_row_inner][vc_column_inner width=&#8221;1\/5&#8243;][vc_column_text]<\/p>\n<p style=\"text-align: center;\">SOLUZIONI ADESIVE<\/p>\n<p>[\/vc_column_text][\/vc_column_inner][vc_column_inner width=&#8221;1\/5&#8243;][vc_column_text]<\/p>\n<p style=\"text-align: center;\">TARGHE E TARGHETTE<\/p>\n<p>[\/vc_column_text][\/vc_column_inner][vc_column_inner width=&#8221;1\/5&#8243;][vc_column_text]<\/p>\n<p style=\"text-align: center;\">OGGETTISTICA\/GADGET<\/p>\n<p>[\/vc_column_text][\/vc_column_inner][vc_column_inner width=&#8221;1\/5&#8243;][vc_column_text]<\/p>\n<p style=\"text-align: center;\">MATERIALE PLASTICO<\/p>\n<p>[\/vc_column_text][\/vc_column_inner][vc_column_inner width=&#8221;1\/5&#8243;][vc_column_text]<\/p>\n<p style=\"text-align: center;\">SEGNALETICA INT. EST.<\/p>\n<p>[\/vc_column_text][\/vc_column_inner][\/vc_row_inner][\/vc_column][\/vc_row][vc_row][vc_column]<div id=\"1617796629695-a8a9f3ac-df6c\" class=\"dt-sc-empty-space\"><\/div>[vc_text_separator title=&#8221;Contattaci per altre info&#8221; color=&#8221;custom&#8221; border_width=&#8221;3&#8243; css_animation=&#8221;fadeInUp&#8221; accent_color=&#8221;#2398d6&#8243;][vc_row_inner][vc_column_inner width=&#8221;1\/3&#8243;]<div class='dt-sc-icon-box type4 '><div class=\"icon-wrapper\"><span class='fas fa-tty'> <\/span><\/div><div class=\"icon-content\"><h4>Telefono<\/h4><p><h6>Tel. 030 2732831<\/h6><\/p><\/div><\/div>[\/vc_column_inner][vc_column_inner width=&#8221;1\/3&#8243;]<div class='dt-sc-icon-box type4 '><div class=\"icon-wrapper\"><span class='fas fa-at'> <\/span><\/div><div class=\"icon-content\"><h4>Mail<\/h4><p><h6>info@centroserigrafico.com<\/h6><\/p><\/div><\/div>[\/vc_column_inner][vc_column_inner width=&#8221;1\/3&#8243;]<div class='dt-sc-icon-box type4 '><div class=\"icon-wrapper\"><span class='fas fa-phone-alt'> <\/span><\/div><div class=\"icon-content\"><h4>Whatsapp<\/h4><p><h6>Cel +39 3341072143<\/h6><\/p><\/div><\/div>[\/vc_column_inner][\/vc_row_inner][\/vc_column][\/vc_row][vc_row bg_type=&#8221;bg_color&#8221; bg_override=&#8221;ex-full&#8221; bg_color_value=&#8221;#ededed&#8221; css=&#8221;.vc_custom_1628070457377{padding-top: 10px !important;padding-bottom: 10px !important;}&#8221;][vc_column][vc_empty_space height=&#8221;20&#8243;][vc_text_separator title=&#8221;Ci trovi anche sui social&#8221; color=&#8221;custom&#8221; border_width=&#8221;3&#8243; css_animation=&#8221;fadeInUp&#8221; accent_color=&#8221;#2398d6&#8243; css=&#8221;.vc_custom_1628070132542{margin-bottom: 20px !important;}&#8221;][vc_row_inner][vc_column_inner width=&#8221;1\/2&#8243;][vc_message message_box_color=&#8221;blue&#8221; icon_fontawesome=&#8221;fab fa-facebook-square&#8221;]<a href=\"https:\/\/www.facebook.com\/CS-Centro-Serigrafico-srl-105957647750064\/\">Facebook<\/a>[\/vc_message][\/vc_column_inner][vc_column_inner width=&#8221;1\/2&#8243;][vc_message message_box_color=&#8221;purple&#8221; icon_type=&#8221;entypo&#8221; icon_entypo=&#8221;entypo-icon entypo-icon-instagrem&#8221;]<a href=\"https:\/\/www.instagram.com\/cscentroserigrafico\/?hl=it\">Instagram<\/a>[\/vc_message][\/vc_column_inner][\/vc_row_inner][\/vc_column][\/vc_row]<\/p>\n","protected":false},"excerpt":{"rendered":"<p>[vc_row bg_type=&#8221;bg_color&#8221; bg_override=&#8221;ex-full&#8221; bg_color_value=&#8221;#ffffff&#8221;][vc_column][vc_column_text]Grazie alla nostra pluridecennale esperienza, siamo in grado di soddisfare i nostri Clienti anche con la fornitura di articoli e lavorazioni particolari, quei lavori per certi aspetti \u201cfuori standard\u201d, richiesti anche in modo sporadico. Naturalmente, tecnici e personale di C.S. Centro Serigrafico sono sempre pronti ad affiancare e supportare il Cliente che [&hellip;]<\/p>\n","protected":false},"author":1,"featured_media":0,"parent":0,"menu_order":0,"comment_status":"closed","ping_status":"closed","template":"","meta":{"footnotes":""},"class_list":["post-3461","page","type-page","status-publish","hentry"],"yoast_head":"<!-- This site is optimized with the Yoast SEO plugin v26.1.1 - https:\/\/yoast.com\/wordpress\/plugins\/seo\/ -->\n<title>PARTICOLARIT\u00c0 | C.S. Centro Serigrafico s.r.l. - Proposte Decorative<\/title>\n<meta name=\"description\" content=\"Grazie alla nostra pluridecennale esperienza, siamo in grado di soddisfare i nostri Clienti anche con la fornitura lavorazioni particolari\" \/>\n<meta name=\"robots\" content=\"index, follow, max-snippet:-1, max-image-preview:large, max-video-preview:-1\" \/>\n<link rel=\"canonical\" href=\"https:\/\/www.centroserigrafico.it\/index.php\/particolarita-proposte-decorative\/\" \/>\n<meta property=\"og:locale\" content=\"it_IT\" \/>\n<meta property=\"og:type\" content=\"article\" \/>\n<meta property=\"og:title\" content=\"PARTICOLARIT\u00c0 | C.S. Centro Serigrafico s.r.l. - Proposte Decorative\" \/>\n<meta property=\"og:description\" content=\"Grazie alla nostra pluridecennale esperienza, siamo in grado di soddisfare i nostri Clienti anche con la fornitura lavorazioni particolari\" \/>\n<meta property=\"og:url\" content=\"https:\/\/www.centroserigrafico.it\/index.php\/particolarita-proposte-decorative\/\" \/>\n<meta property=\"og:site_name\" content=\"C.S. Centro Serigrafico\" \/>\n<meta property=\"article:modified_time\" content=\"2021-08-06T09:52:56+00:00\" \/>\n<meta name=\"twitter:card\" content=\"summary_large_image\" \/>\n<meta name=\"twitter:label1\" content=\"Tempo di lettura stimato\" \/>\n\t<meta name=\"twitter:data1\" content=\"4 minuti\" \/>\n<script type=\"application\/ld+json\" class=\"yoast-schema-graph\">{\"@context\":\"https:\/\/schema.org\",\"@graph\":[{\"@type\":\"WebPage\",\"@id\":\"https:\/\/www.centroserigrafico.it\/index.php\/particolarita-proposte-decorative\/\",\"url\":\"https:\/\/www.centroserigrafico.it\/index.php\/particolarita-proposte-decorative\/\",\"name\":\"PARTICOLARIT\u00c0 | C.S. Centro Serigrafico s.r.l. - Proposte Decorative\",\"isPartOf\":{\"@id\":\"https:\/\/www.centroserigrafico.it\/#website\"},\"datePublished\":\"2021-03-25T09:28:58+00:00\",\"dateModified\":\"2021-08-06T09:52:56+00:00\",\"description\":\"Grazie alla nostra pluridecennale esperienza, siamo in grado di soddisfare i nostri Clienti anche con la fornitura lavorazioni particolari\",\"breadcrumb\":{\"@id\":\"https:\/\/www.centroserigrafico.it\/index.php\/particolarita-proposte-decorative\/#breadcrumb\"},\"inLanguage\":\"it-IT\",\"potentialAction\":[{\"@type\":\"ReadAction\",\"target\":[\"https:\/\/www.centroserigrafico.it\/index.php\/particolarita-proposte-decorative\/\"]}]},{\"@type\":\"BreadcrumbList\",\"@id\":\"https:\/\/www.centroserigrafico.it\/index.php\/particolarita-proposte-decorative\/#breadcrumb\",\"itemListElement\":[{\"@type\":\"ListItem\",\"position\":1,\"name\":\"Home\",\"item\":\"https:\/\/www.centroserigrafico.it\/\"},{\"@type\":\"ListItem\",\"position\":2,\"name\":\"PARTICOLARIT\u00c0 E PROPOSTE DECORATIVE\"}]},{\"@type\":\"WebSite\",\"@id\":\"https:\/\/www.centroserigrafico.it\/#website\",\"url\":\"https:\/\/www.centroserigrafico.it\/\",\"name\":\"C.S. Centro Serigrafico\",\"description\":\"Grafica industriale\",\"publisher\":{\"@id\":\"https:\/\/www.centroserigrafico.it\/#organization\"},\"potentialAction\":[{\"@type\":\"SearchAction\",\"target\":{\"@type\":\"EntryPoint\",\"urlTemplate\":\"https:\/\/www.centroserigrafico.it\/?s={search_term_string}\"},\"query-input\":{\"@type\":\"PropertyValueSpecification\",\"valueRequired\":true,\"valueName\":\"search_term_string\"}}],\"inLanguage\":\"it-IT\"},{\"@type\":\"Organization\",\"@id\":\"https:\/\/www.centroserigrafico.it\/#organization\",\"name\":\"C.S. Centro Serigrafico\",\"url\":\"https:\/\/www.centroserigrafico.it\/\",\"logo\":{\"@type\":\"ImageObject\",\"inLanguage\":\"it-IT\",\"@id\":\"https:\/\/www.centroserigrafico.it\/#\/schema\/logo\/image\/\",\"url\":\"https:\/\/www.centroserigrafico.it\/wp-content\/uploads\/logo1.png\",\"contentUrl\":\"https:\/\/www.centroserigrafico.it\/wp-content\/uploads\/logo1.png\",\"width\":1200,\"height\":1200,\"caption\":\"C.S. Centro Serigrafico\"},\"image\":{\"@id\":\"https:\/\/www.centroserigrafico.it\/#\/schema\/logo\/image\/\"}}]}<\/script>\n<!-- \/ Yoast SEO plugin. -->","yoast_head_json":{"title":"PARTICOLARIT\u00c0 | C.S. Centro Serigrafico s.r.l. - Proposte Decorative","description":"Grazie alla nostra pluridecennale esperienza, siamo in grado di soddisfare i nostri Clienti anche con la fornitura lavorazioni particolari","robots":{"index":"index","follow":"follow","max-snippet":"max-snippet:-1","max-image-preview":"max-image-preview:large","max-video-preview":"max-video-preview:-1"},"canonical":"https:\/\/www.centroserigrafico.it\/index.php\/particolarita-proposte-decorative\/","og_locale":"it_IT","og_type":"article","og_title":"PARTICOLARIT\u00c0 | C.S. Centro Serigrafico s.r.l. - Proposte Decorative","og_description":"Grazie alla nostra pluridecennale esperienza, siamo in grado di soddisfare i nostri Clienti anche con la fornitura lavorazioni particolari","og_url":"https:\/\/www.centroserigrafico.it\/index.php\/particolarita-proposte-decorative\/","og_site_name":"C.S. Centro Serigrafico","article_modified_time":"2021-08-06T09:52:56+00:00","twitter_card":"summary_large_image","twitter_misc":{"Tempo di lettura stimato":"4 minuti"},"schema":{"@context":"https:\/\/schema.org","@graph":[{"@type":"WebPage","@id":"https:\/\/www.centroserigrafico.it\/index.php\/particolarita-proposte-decorative\/","url":"https:\/\/www.centroserigrafico.it\/index.php\/particolarita-proposte-decorative\/","name":"PARTICOLARIT\u00c0 | C.S. Centro Serigrafico s.r.l. - Proposte Decorative","isPartOf":{"@id":"https:\/\/www.centroserigrafico.it\/#website"},"datePublished":"2021-03-25T09:28:58+00:00","dateModified":"2021-08-06T09:52:56+00:00","description":"Grazie alla nostra pluridecennale esperienza, siamo in grado di soddisfare i nostri Clienti anche con la fornitura lavorazioni particolari","breadcrumb":{"@id":"https:\/\/www.centroserigrafico.it\/index.php\/particolarita-proposte-decorative\/#breadcrumb"},"inLanguage":"it-IT","potentialAction":[{"@type":"ReadAction","target":["https:\/\/www.centroserigrafico.it\/index.php\/particolarita-proposte-decorative\/"]}]},{"@type":"BreadcrumbList","@id":"https:\/\/www.centroserigrafico.it\/index.php\/particolarita-proposte-decorative\/#breadcrumb","itemListElement":[{"@type":"ListItem","position":1,"name":"Home","item":"https:\/\/www.centroserigrafico.it\/"},{"@type":"ListItem","position":2,"name":"PARTICOLARIT\u00c0 E PROPOSTE DECORATIVE"}]},{"@type":"WebSite","@id":"https:\/\/www.centroserigrafico.it\/#website","url":"https:\/\/www.centroserigrafico.it\/","name":"C.S. Centro Serigrafico","description":"Grafica industriale","publisher":{"@id":"https:\/\/www.centroserigrafico.it\/#organization"},"potentialAction":[{"@type":"SearchAction","target":{"@type":"EntryPoint","urlTemplate":"https:\/\/www.centroserigrafico.it\/?s={search_term_string}"},"query-input":{"@type":"PropertyValueSpecification","valueRequired":true,"valueName":"search_term_string"}}],"inLanguage":"it-IT"},{"@type":"Organization","@id":"https:\/\/www.centroserigrafico.it\/#organization","name":"C.S. Centro Serigrafico","url":"https:\/\/www.centroserigrafico.it\/","logo":{"@type":"ImageObject","inLanguage":"it-IT","@id":"https:\/\/www.centroserigrafico.it\/#\/schema\/logo\/image\/","url":"https:\/\/www.centroserigrafico.it\/wp-content\/uploads\/logo1.png","contentUrl":"https:\/\/www.centroserigrafico.it\/wp-content\/uploads\/logo1.png","width":1200,"height":1200,"caption":"C.S. Centro Serigrafico"},"image":{"@id":"https:\/\/www.centroserigrafico.it\/#\/schema\/logo\/image\/"}}]}},"jetpack_sharing_enabled":true,"_links":{"self":[{"href":"https:\/\/www.centroserigrafico.it\/index.php\/wp-json\/wp\/v2\/pages\/3461","targetHints":{"allow":["GET"]}}],"collection":[{"href":"https:\/\/www.centroserigrafico.it\/index.php\/wp-json\/wp\/v2\/pages"}],"about":[{"href":"https:\/\/www.centroserigrafico.it\/index.php\/wp-json\/wp\/v2\/types\/page"}],"author":[{"embeddable":true,"href":"https:\/\/www.centroserigrafico.it\/index.php\/wp-json\/wp\/v2\/users\/1"}],"replies":[{"embeddable":true,"href":"https:\/\/www.centroserigrafico.it\/index.php\/wp-json\/wp\/v2\/comments?post=3461"}],"version-history":[{"count":33,"href":"https:\/\/www.centroserigrafico.it\/index.php\/wp-json\/wp\/v2\/pages\/3461\/revisions"}],"predecessor-version":[{"id":4191,"href":"https:\/\/www.centroserigrafico.it\/index.php\/wp-json\/wp\/v2\/pages\/3461\/revisions\/4191"}],"wp:attachment":[{"href":"https:\/\/www.centroserigrafico.it\/index.php\/wp-json\/wp\/v2\/media?parent=3461"}],"curies":[{"name":"wp","href":"https:\/\/api.w.org\/{rel}","templated":true}]}}