{"id":3668,"date":"2021-05-26T16:30:53","date_gmt":"2021-05-26T14:30:53","guid":{"rendered":"https:\/\/www.centroserigrafico.it\/?page_id=3668"},"modified":"2021-08-06T11:46:20","modified_gmt":"2021-08-06T09:46:20","slug":"bando-innodriver","status":"publish","type":"page","link":"https:\/\/www.centroserigrafico.it\/index.php\/bando-innodriver\/","title":{"rendered":"BANDO INNODRIVER"},"content":{"rendered":"<p>[vc_row bg_type=&#8221;bg_color&#8221; bg_override=&#8221;ex-full&#8221; css=&#8221;.vc_custom_1628243178569{border-bottom-width: 400px !important;}&#8221; bg_color_value=&#8221;#ffffff&#8221;][vc_column]<div id=\"1622036981061-b36c3fb3-2a72\" class=\"dt-sc-empty-space\"><\/div>[vc_separator color=&#8221;custom&#8221; border_width=&#8221;4&#8243; el_width=&#8221;70&#8243; accent_color=&#8221;#276d3a&#8221;][vc_custom_heading text=&#8221;REGIONE LOMBARDIA&#8221; font_container=&#8221;tag:h2|font_size:40|text_align:center|color:%23000000&#8243; use_theme_fonts=&#8221;yes&#8221;][vc_custom_heading text=&#8221;PROGRAMMA OPERATIVO REGIONALE 2014 -2020&#8243; font_container=&#8221;tag:h2|font_size:40|text_align:center|color:%23000000&#8243; use_theme_fonts=&#8221;yes&#8221;][vc_custom_heading text=&#8221;OBIETTIVO \u201cINVESTIMENTI IN FAVORE DELLA CRESCITA E DELL\u2019OCCUPAZIONE\u201d&#8221; font_container=&#8221;tag:h2|font_size:40|text_align:center|color:%23000000&#8243; use_theme_fonts=&#8221;yes&#8221;][vc_separator color=&#8221;custom&#8221; border_width=&#8221;4&#8243; el_width=&#8221;70&#8243; accent_color=&#8221;#276d3a&#8221;][\/vc_column][\/vc_row][vc_row][vc_column width=&#8221;1\/2&#8243;][vc_custom_heading text=&#8221;Azione I.1.b.1.1\u2013 sostegno all\u2019acquisto di servizi per l\u2019innovazione tecnologica, strategica, organizzativa e commerciale delle imprese.&#8221; font_container=&#8221;tag:h2|font_size:15|text_align:center|color:%23000000|line_height:1%2C3&#8243; use_theme_fonts=&#8221;yes&#8221; css=&#8221;.vc_custom_1622109557603{margin-top: 20px !important;}&#8221;][vc_custom_heading text=&#8221;Titolo del Progetto: Ergonomia e Produttivita\u0300 per le lavorazioni Serigrafiche&#8221; font_container=&#8221;tag:h2|font_size:15|text_align:center|color:%23000000|line_height:1%2C3&#8243; use_theme_fonts=&#8221;yes&#8221;][\/vc_column][vc_column width=&#8221;1\/2&#8243;][vc_single_image image=&#8221;3662&#8243; img_size=&#8221;full&#8221;][\/vc_column][\/vc_row][vc_row bg_type=&#8221;image&#8221; parallax_style=&#8221;vcpb-vz-jquery&#8221; bg_image_new=&#8221;id^3685|url^https:\/\/www.centroserigrafico.it\/wp-content\/uploads\/Sfondo_PaginaINNODRIVER.jpg|caption^null|alt^null|title^Sfondo_PaginaINNODRIVER|description^null&#8221; bg_image_repeat=&#8221;no-repeat&#8221; parallax_sense=&#8221;60&#8243; bg_override=&#8221;ex-full&#8221; css=&#8221;.vc_custom_1622109519137{margin-right: -300px !important;border-top-width: 70px !important;border-bottom-width: 70px !important;padding-top: 50px !important;padding-bottom: 50px !important;}&#8221;][vc_column width=&#8221;1\/2&#8243;][vc_custom_heading text=&#8221;Miglioramento di effiecienza del macchinario&#8221; font_container=&#8221;tag:h2|font_size:25|text_align:left|color:%23276d3a|line_height:1%2C3&#8243; use_theme_fonts=&#8221;yes&#8221;][vc_column_text]Una delle principali migliorie consiste nel garantire efficientamento dal punto di vista del rapporto macchina in lavorazione \/ macchina in pausa. Questa funzionalit\u00e0, essenziale per un discorso pi\u00f9 ampio di lean-production dovr\u00e0 essere implementata attraverso una modifica della parte meccanica, nello specifico la fase in cui l\u2019operatore lavorava a macchina ferma per lo scarico delle lamiere tagliate dalla punzonatrice, ovvero ogni 50 operazioni di taglio. La soluzione \u00e8 stata cambiare metodo di carico per far s\u00ec che i taglienti convogliassero in un raccoglitore mentre la macchina lavora. La soluzione ingegneristicamente pi\u00f9 corretta, a nostro avviso, da adottare in questa specifica situazione \u00e8 quella di liberare l\u2019ingombro sottostante la zona di taglio della punzonatrice per alloggiarvici una guida su cui possano scorrere due alloggiamenti delle lamiere.[\/vc_column_text][\/vc_column][vc_column width=&#8221;1\/2&#8243;][vc_column_text]L\u2019impatto del progetto ha notevolmente alleggerito la dispersione di capitale umano nella totalit\u00e0 della catena di produzione e le modifiche apportate hanno risolto e alleggerito molte operazioni ripetitive. L\u2019impiego di una forza lavoro inferiore ha portato sia ad un beneficio di welfare aziendale sia un beneficio economico all\u2019azienda, riducendo in modo sostanziale i fermi macchina, riducendo la catena di approvvigionamento e aumentato la produttivit\u00e0 dando alti margini di guadagno. Possiamo inoltre considerare la diminuzione del traffico merci risultante dall\u2019accorciamento della filiera produttiva; in conseguenza di ci\u00f2 si evince una riduzione effettiva di auto-articolati presenti sul territorio nazionale.[\/vc_column_text][vc_custom_heading text=&#8221;&#8220;Attraverso il processo di ricerca e sviluppo sono stati ottenuti 25 min lavorativi al giorno e un incremento di 1\/3 dei pezzi realizzati&#8220;&#8221; font_container=&#8221;tag:h2|font_size:15|text_align:left|color:rgba(39%2C109%2C58%2C0.6)|line_height:1&#8243; use_theme_fonts=&#8221;yes&#8221;][\/vc_column][\/vc_row][vc_row][vc_column]<div id=\"1617796629695-a8a9f3ac-df6c\" class=\"dt-sc-empty-space\"><\/div>[vc_text_separator title=&#8221;Contattaci per altre info&#8221; color=&#8221;custom&#8221; border_width=&#8221;3&#8243; css_animation=&#8221;fadeInUp&#8221; accent_color=&#8221;#2398d6&#8243;][vc_row_inner][vc_column_inner width=&#8221;1\/3&#8243;]<div class='dt-sc-icon-box type4 '><div class=\"icon-wrapper\"><span class='fas fa-tty'> <\/span><\/div><div class=\"icon-content\"><h4>Telefono<\/h4><p><h6>Tel. 030 2732831<\/h6><\/p><\/div><\/div>[\/vc_column_inner][vc_column_inner width=&#8221;1\/3&#8243;]<div class='dt-sc-icon-box type4 '><div class=\"icon-wrapper\"><span class='fas fa-at'> <\/span><\/div><div class=\"icon-content\"><h4>Mail<\/h4><p><h6>info@centroserigrafico.com<\/h6><\/p><\/div><\/div>[\/vc_column_inner][vc_column_inner width=&#8221;1\/3&#8243;]<div class='dt-sc-icon-box type4 '><div class=\"icon-wrapper\"><span class='fas fa-phone-alt'> <\/span><\/div><div class=\"icon-content\"><h4>Whatsapp<\/h4><p><h6>Cel +39 3341072143<\/h6><\/p><\/div><\/div>[\/vc_column_inner][\/vc_row_inner][\/vc_column][\/vc_row][vc_row bg_type=&#8221;bg_color&#8221; bg_override=&#8221;ex-full&#8221; bg_color_value=&#8221;#ededed&#8221; css=&#8221;.vc_custom_1628070457377{padding-top: 10px !important;padding-bottom: 10px !important;}&#8221;][vc_column][vc_empty_space height=&#8221;20&#8243;][vc_text_separator title=&#8221;Ci trovi anche sui social&#8221; color=&#8221;custom&#8221; border_width=&#8221;3&#8243; css_animation=&#8221;fadeInUp&#8221; accent_color=&#8221;#2398d6&#8243; css=&#8221;.vc_custom_1628070132542{margin-bottom: 20px !important;}&#8221;][vc_row_inner][vc_column_inner width=&#8221;1\/2&#8243;][vc_message message_box_color=&#8221;blue&#8221; icon_fontawesome=&#8221;fab fa-facebook-square&#8221;]<a href=\"https:\/\/www.facebook.com\/CS-Centro-Serigrafico-srl-105957647750064\/\">Facebook<\/a>[\/vc_message][\/vc_column_inner][vc_column_inner width=&#8221;1\/2&#8243;][vc_message message_box_color=&#8221;purple&#8221; icon_type=&#8221;entypo&#8221; icon_entypo=&#8221;entypo-icon entypo-icon-instagrem&#8221;]<a href=\"https:\/\/www.instagram.com\/cscentroserigrafico\/?hl=it\">Instagram<\/a>[\/vc_message][\/vc_column_inner][\/vc_row_inner][\/vc_column][\/vc_row]<\/p>\n","protected":false},"excerpt":{"rendered":"<p>[vc_row bg_type=&#8221;bg_color&#8221; bg_override=&#8221;ex-full&#8221; css=&#8221;.vc_custom_1628243178569{border-bottom-width: 400px !important;}&#8221; bg_color_value=&#8221;#ffffff&#8221;][vc_column][vc_separator color=&#8221;custom&#8221; border_width=&#8221;4&#8243; el_width=&#8221;70&#8243; accent_color=&#8221;#276d3a&#8221;][vc_custom_heading text=&#8221;REGIONE LOMBARDIA&#8221; font_container=&#8221;tag:h2|font_size:40|text_align:center|color:%23000000&#8243; use_theme_fonts=&#8221;yes&#8221;][vc_custom_heading text=&#8221;PROGRAMMA OPERATIVO REGIONALE 2014 -2020&#8243; font_container=&#8221;tag:h2|font_size:40|text_align:center|color:%23000000&#8243; use_theme_fonts=&#8221;yes&#8221;][vc_custom_heading text=&#8221;OBIETTIVO \u201cINVESTIMENTI IN FAVORE DELLA CRESCITA E DELL\u2019OCCUPAZIONE\u201d&#8221; font_container=&#8221;tag:h2|font_size:40|text_align:center|color:%23000000&#8243; use_theme_fonts=&#8221;yes&#8221;][vc_separator color=&#8221;custom&#8221; border_width=&#8221;4&#8243; el_width=&#8221;70&#8243; accent_color=&#8221;#276d3a&#8221;][\/vc_column][\/vc_row][vc_row][vc_column width=&#8221;1\/2&#8243;][vc_custom_heading text=&#8221;Azione I.1.b.1.1\u2013 sostegno all\u2019acquisto di servizi per l\u2019innovazione tecnologica, strategica, organizzativa e commerciale delle imprese.&#8221; font_container=&#8221;tag:h2|font_size:15|text_align:center|color:%23000000|line_height:1%2C3&#8243; use_theme_fonts=&#8221;yes&#8221; css=&#8221;.vc_custom_1622109557603{margin-top: [&hellip;]<\/p>\n","protected":false},"author":1,"featured_media":0,"parent":0,"menu_order":0,"comment_status":"closed","ping_status":"closed","template":"","meta":{"footnotes":""},"class_list":["post-3668","page","type-page","status-publish","hentry"],"yoast_head":"<!-- This site is optimized with the Yoast SEO plugin v26.1.1 - https:\/\/yoast.com\/wordpress\/plugins\/seo\/ -->\n<title>BANDO INNODRIVER | C.S. Centro Serigrafico s.r.l. - Regione Lombardia<\/title>\n<meta name=\"description\" content=\"Partecipazione al programma operativo regionale in favore della crescita e dell&#039;occupazione - Miglioramento produttivit\u00e0 del macchinario\" \/>\n<meta name=\"robots\" content=\"index, follow, max-snippet:-1, max-image-preview:large, max-video-preview:-1\" \/>\n<link rel=\"canonical\" href=\"https:\/\/www.centroserigrafico.it\/index.php\/bando-innodriver\/\" \/>\n<meta property=\"og:locale\" content=\"it_IT\" \/>\n<meta property=\"og:type\" content=\"article\" \/>\n<meta property=\"og:title\" content=\"BANDO INNODRIVER | C.S. Centro Serigrafico s.r.l. - Regione Lombardia\" \/>\n<meta property=\"og:description\" content=\"Partecipazione al programma operativo regionale in favore della crescita e dell&#039;occupazione - Miglioramento produttivit\u00e0 del macchinario\" \/>\n<meta property=\"og:url\" content=\"https:\/\/www.centroserigrafico.it\/index.php\/bando-innodriver\/\" \/>\n<meta property=\"og:site_name\" content=\"C.S. Centro Serigrafico\" \/>\n<meta property=\"article:modified_time\" content=\"2021-08-06T09:46:20+00:00\" \/>\n<meta name=\"twitter:card\" content=\"summary_large_image\" \/>\n<meta name=\"twitter:label1\" content=\"Tempo di lettura stimato\" \/>\n\t<meta name=\"twitter:data1\" content=\"2 minuti\" \/>\n<script type=\"application\/ld+json\" class=\"yoast-schema-graph\">{\"@context\":\"https:\/\/schema.org\",\"@graph\":[{\"@type\":\"WebPage\",\"@id\":\"https:\/\/www.centroserigrafico.it\/index.php\/bando-innodriver\/\",\"url\":\"https:\/\/www.centroserigrafico.it\/index.php\/bando-innodriver\/\",\"name\":\"BANDO INNODRIVER | C.S. Centro Serigrafico s.r.l. - Regione Lombardia\",\"isPartOf\":{\"@id\":\"https:\/\/www.centroserigrafico.it\/#website\"},\"datePublished\":\"2021-05-26T14:30:53+00:00\",\"dateModified\":\"2021-08-06T09:46:20+00:00\",\"description\":\"Partecipazione al programma operativo regionale in favore della crescita e dell'occupazione - Miglioramento produttivit\u00e0 del macchinario\",\"breadcrumb\":{\"@id\":\"https:\/\/www.centroserigrafico.it\/index.php\/bando-innodriver\/#breadcrumb\"},\"inLanguage\":\"it-IT\",\"potentialAction\":[{\"@type\":\"ReadAction\",\"target\":[\"https:\/\/www.centroserigrafico.it\/index.php\/bando-innodriver\/\"]}]},{\"@type\":\"BreadcrumbList\",\"@id\":\"https:\/\/www.centroserigrafico.it\/index.php\/bando-innodriver\/#breadcrumb\",\"itemListElement\":[{\"@type\":\"ListItem\",\"position\":1,\"name\":\"Home\",\"item\":\"https:\/\/www.centroserigrafico.it\/\"},{\"@type\":\"ListItem\",\"position\":2,\"name\":\"BANDO INNODRIVER\"}]},{\"@type\":\"WebSite\",\"@id\":\"https:\/\/www.centroserigrafico.it\/#website\",\"url\":\"https:\/\/www.centroserigrafico.it\/\",\"name\":\"C.S. Centro Serigrafico\",\"description\":\"Grafica industriale\",\"publisher\":{\"@id\":\"https:\/\/www.centroserigrafico.it\/#organization\"},\"potentialAction\":[{\"@type\":\"SearchAction\",\"target\":{\"@type\":\"EntryPoint\",\"urlTemplate\":\"https:\/\/www.centroserigrafico.it\/?s={search_term_string}\"},\"query-input\":{\"@type\":\"PropertyValueSpecification\",\"valueRequired\":true,\"valueName\":\"search_term_string\"}}],\"inLanguage\":\"it-IT\"},{\"@type\":\"Organization\",\"@id\":\"https:\/\/www.centroserigrafico.it\/#organization\",\"name\":\"C.S. Centro Serigrafico\",\"url\":\"https:\/\/www.centroserigrafico.it\/\",\"logo\":{\"@type\":\"ImageObject\",\"inLanguage\":\"it-IT\",\"@id\":\"https:\/\/www.centroserigrafico.it\/#\/schema\/logo\/image\/\",\"url\":\"https:\/\/www.centroserigrafico.it\/wp-content\/uploads\/logo1.png\",\"contentUrl\":\"https:\/\/www.centroserigrafico.it\/wp-content\/uploads\/logo1.png\",\"width\":1200,\"height\":1200,\"caption\":\"C.S. Centro Serigrafico\"},\"image\":{\"@id\":\"https:\/\/www.centroserigrafico.it\/#\/schema\/logo\/image\/\"}}]}<\/script>\n<!-- \/ Yoast SEO plugin. -->","yoast_head_json":{"title":"BANDO INNODRIVER | C.S. Centro Serigrafico s.r.l. - Regione Lombardia","description":"Partecipazione al programma operativo regionale in favore della crescita e dell'occupazione - Miglioramento produttivit\u00e0 del macchinario","robots":{"index":"index","follow":"follow","max-snippet":"max-snippet:-1","max-image-preview":"max-image-preview:large","max-video-preview":"max-video-preview:-1"},"canonical":"https:\/\/www.centroserigrafico.it\/index.php\/bando-innodriver\/","og_locale":"it_IT","og_type":"article","og_title":"BANDO INNODRIVER | C.S. Centro Serigrafico s.r.l. - Regione Lombardia","og_description":"Partecipazione al programma operativo regionale in favore della crescita e dell'occupazione - Miglioramento produttivit\u00e0 del macchinario","og_url":"https:\/\/www.centroserigrafico.it\/index.php\/bando-innodriver\/","og_site_name":"C.S. Centro Serigrafico","article_modified_time":"2021-08-06T09:46:20+00:00","twitter_card":"summary_large_image","twitter_misc":{"Tempo di lettura stimato":"2 minuti"},"schema":{"@context":"https:\/\/schema.org","@graph":[{"@type":"WebPage","@id":"https:\/\/www.centroserigrafico.it\/index.php\/bando-innodriver\/","url":"https:\/\/www.centroserigrafico.it\/index.php\/bando-innodriver\/","name":"BANDO INNODRIVER | C.S. Centro Serigrafico s.r.l. - Regione Lombardia","isPartOf":{"@id":"https:\/\/www.centroserigrafico.it\/#website"},"datePublished":"2021-05-26T14:30:53+00:00","dateModified":"2021-08-06T09:46:20+00:00","description":"Partecipazione al programma operativo regionale in favore della crescita e dell'occupazione - Miglioramento produttivit\u00e0 del macchinario","breadcrumb":{"@id":"https:\/\/www.centroserigrafico.it\/index.php\/bando-innodriver\/#breadcrumb"},"inLanguage":"it-IT","potentialAction":[{"@type":"ReadAction","target":["https:\/\/www.centroserigrafico.it\/index.php\/bando-innodriver\/"]}]},{"@type":"BreadcrumbList","@id":"https:\/\/www.centroserigrafico.it\/index.php\/bando-innodriver\/#breadcrumb","itemListElement":[{"@type":"ListItem","position":1,"name":"Home","item":"https:\/\/www.centroserigrafico.it\/"},{"@type":"ListItem","position":2,"name":"BANDO INNODRIVER"}]},{"@type":"WebSite","@id":"https:\/\/www.centroserigrafico.it\/#website","url":"https:\/\/www.centroserigrafico.it\/","name":"C.S. Centro Serigrafico","description":"Grafica industriale","publisher":{"@id":"https:\/\/www.centroserigrafico.it\/#organization"},"potentialAction":[{"@type":"SearchAction","target":{"@type":"EntryPoint","urlTemplate":"https:\/\/www.centroserigrafico.it\/?s={search_term_string}"},"query-input":{"@type":"PropertyValueSpecification","valueRequired":true,"valueName":"search_term_string"}}],"inLanguage":"it-IT"},{"@type":"Organization","@id":"https:\/\/www.centroserigrafico.it\/#organization","name":"C.S. Centro Serigrafico","url":"https:\/\/www.centroserigrafico.it\/","logo":{"@type":"ImageObject","inLanguage":"it-IT","@id":"https:\/\/www.centroserigrafico.it\/#\/schema\/logo\/image\/","url":"https:\/\/www.centroserigrafico.it\/wp-content\/uploads\/logo1.png","contentUrl":"https:\/\/www.centroserigrafico.it\/wp-content\/uploads\/logo1.png","width":1200,"height":1200,"caption":"C.S. Centro Serigrafico"},"image":{"@id":"https:\/\/www.centroserigrafico.it\/#\/schema\/logo\/image\/"}}]}},"jetpack_sharing_enabled":true,"_links":{"self":[{"href":"https:\/\/www.centroserigrafico.it\/index.php\/wp-json\/wp\/v2\/pages\/3668","targetHints":{"allow":["GET"]}}],"collection":[{"href":"https:\/\/www.centroserigrafico.it\/index.php\/wp-json\/wp\/v2\/pages"}],"about":[{"href":"https:\/\/www.centroserigrafico.it\/index.php\/wp-json\/wp\/v2\/types\/page"}],"author":[{"embeddable":true,"href":"https:\/\/www.centroserigrafico.it\/index.php\/wp-json\/wp\/v2\/users\/1"}],"replies":[{"embeddable":true,"href":"https:\/\/www.centroserigrafico.it\/index.php\/wp-json\/wp\/v2\/comments?post=3668"}],"version-history":[{"count":26,"href":"https:\/\/www.centroserigrafico.it\/index.php\/wp-json\/wp\/v2\/pages\/3668\/revisions"}],"predecessor-version":[{"id":4182,"href":"https:\/\/www.centroserigrafico.it\/index.php\/wp-json\/wp\/v2\/pages\/3668\/revisions\/4182"}],"wp:attachment":[{"href":"https:\/\/www.centroserigrafico.it\/index.php\/wp-json\/wp\/v2\/media?parent=3668"}],"curies":[{"name":"wp","href":"https:\/\/api.w.org\/{rel}","templated":true}]}}