{"id":46,"date":"2018-06-13T10:08:11","date_gmt":"2018-06-13T08:08:11","guid":{"rendered":"http:\/\/www.centroserigrafico.it\/?page_id=46"},"modified":"2021-08-06T15:00:19","modified_gmt":"2021-08-06T13:00:19","slug":"azienda","status":"publish","type":"page","link":"https:\/\/www.centroserigrafico.it\/index.php\/azienda\/","title":{"rendered":"AZIENDA"},"content":{"rendered":"<p>[vc_row bg_type=&#8221;image&#8221; parallax_style=&#8221;vcpb-vz-jquery&#8221; bg_image_new=&#8221;id^4007|url^https:\/\/www.centroserigrafico.it\/wp-content\/uploads\/azienda-cartina-castenedolo-seppia-2.jpg|caption^null|alt^null|title^azienda-cartina-castenedolo-seppia|description^null&#8221; bg_image_repeat=&#8221;no-repeat&#8221; parallax_sense=&#8221;10&#8243; bg_override=&#8221;ex-full&#8221;][vc_column]<div id=\"1574086273927-17e6ea17-97fd\" class=\"dt-sc-empty-space\"><\/div>[vc_text_separator title=&#8221;PERCORRI LA NOSTRA STORIA&#8221; color=&#8221;custom&#8221; border_width=&#8221;3&#8243; css_animation=&#8221;fadeInDown&#8221; accent_color=&#8221;#2398d6&#8243; el_class=&#8221;titoloazienda&#8221;]<div id=\"1574175755177-0d51d857-fa1e\" class=\"dt-sc-empty-space\"><\/div>[vc_custom_heading text=&#8221;&#8220;L&#8217;innovazione \u00e8 l&#8217;abilit\u00e0 di vedere il cambiamento come un&#8217;opportunit\u00e0, non una minaccia.&#8220;<br \/>\n&#8211; Anonimo&#8221; font_container=&#8221;tag:h2|font_size:40px|text_align:center|color:%23000000&#8243; google_fonts=&#8221;font_family:Permanent%20Marker%3Aregular|font_style:400%20regular%3A400%3Anormal&#8221; css_animation=&#8221;fadeInDown&#8221;]<div id=\"1574084779340-d107177d-795c\" class=\"dt-sc-empty-space\"><\/div><div id=\"1575103640035-3287474d-5c83\" class=\"dt-sc-empty-space\"><\/div>[\/vc_column][\/vc_row][vc_row full_width=&#8221;default_no_spaces&#8221; gap=&#8221;1&#8243; parallax=&#8221;content-moving&#8221; parallax_content=&#8221;parallax_content_value&#8221; parallax_content_sense=&#8221;10&#8243; css=&#8221;.vc_custom_1574503128137{margin-top: -390px !important;border-top-width: 0px !important;padding-top: 0px !important;}&#8221;][vc_column]<div id=\"1574082952227-b8fe1b32-95e1\" class=\"dt-sc-empty-space\"><\/div><div class='dt-sc-timeline-section type3 '><div class='dt-sc-timeline left'><div class=\"column dt-sc-one-half\"><div class=\"dt-sc-timeline-content\"><h2><span>1985 - Nasce C.S. Centro Serigrafico<\/span><\/h2><p><span style=\"color: #000000;\">In un laboratorio di 600 mq, situato alle porte di Castenedolo (BS) <\/span><\/p>\n<p><span style=\"color: #000000;\">nasce il C.S. Centro Serigrafico Srl, per opera di soci <\/span><span style=\"color: #000000;\">con gi\u00e0 una notevole esperienza nel settore. <\/span><\/p>\n<p><span style=\"color: #000000;\">L&#8217;inizio \u00e8 con una linea di trattamento dei metalli <\/span><span style=\"color: #000000;\">e con una trancia ed una cesoia per metalli. <\/span><\/p>\n<p><span style=\"color: #000000;\">Per la serigrafia, <\/span><span style=\"color: #000000;\">v<\/span><span style=\"color: #000000;\">engono installate una macchina serigrafica formato <strong>70&#215;100<\/strong> ed una <strong>macchina manuale<\/strong> per oggettistica.<\/span><\/p><\/div><\/div><\/div><div class='dt-sc-timeline right'><div class=\"column dt-sc-one-half\"><div class=\"dt-sc-timeline-content\"><h2><span>Inizio anni 90<\/span><\/h2><p><span style=\"color: #000000;\">All&#8217;inizio degli anni novanta, valutate le richieste del mercato, viene ampliata la serigrafia con una macchina formato <strong>100&#215;140<\/strong>. Ora per\u00f2 lo spazio comincia a scarseggiare&#8230;<\/span><\/p><\/div><\/div><\/div><div class='dt-sc-timeline left'><div class=\"column dt-sc-one-half\"><div class=\"dt-sc-timeline-content\"><h2><span>Nel 1995<\/span><\/h2><p><span style=\"color: #000000;\">Viene affittato il laboratorio confinante con la sede e si passa<\/span><\/p>\n<p><span style=\"color: #000000;\"> da 600 a 1200 mq e ci\u00f2 ci permette l&#8217;inserimento di nuove macchine:<\/span><\/p>\n<ul>\n<li><strong><span style=\"color: #000000;\">Macchina semiautomatica 80&#215;120 con forno in linea<\/span><\/strong><\/li>\n<li><span style=\"color: #000000;\"><strong>Fustellatrice platina<\/strong><\/span><\/li>\n<li><strong><span style=\"color: #000000;\">Due trance da 18T e 20T<\/span><\/strong><\/li>\n<\/ul><\/p><\/div><\/div><\/div><div class='dt-sc-timeline right'><div class=\"column dt-sc-one-half\"><div class=\"dt-sc-timeline-content\"><h2><span>1999<\/span><\/h2><p><span style=\"color: #000000;\">L&#8217;azienda \u00e8 cresciuta, cos\u00ec come la possibilit\u00e0 di lavorare in pi\u00f9 settori e<\/span><\/p>\n<p><span style=\"color: #000000;\"> questo ci ha fatto riflettere sulla necessit\u00e0 di lavorare ed impegnarci <\/span><\/p>\n<p><span style=\"color: #000000;\">per ottenere la certificazione <strong>ISO 9001<\/strong>. Quattro le &#8220;parole magiche&#8221; che sostengono il nostro impegno &#8220;<strong>ISO 9001<\/strong>&#8220;: Qualit\u00e0, Affidabilit\u00e0, Innovazione, Flessibilit\u00e0.<\/span><\/p>\n<p>Per scaricare il nostro certificato <a href=\"https:\/\/www.centroserigrafico.it\/?ddownload=2256\" title=\"Scarica documento\" rel=\"nofollow\" class=\"ddownload-link id-2256 ext-pdf\">Scarica documento<\/a><\/p>\n<p>Per scaricare la nostra Politica della qualit\u00e0\u00a0 <a href=\"https:\/\/www.centroserigrafico.it\/?ddownload=2350\" title=\"Scarica documento\" rel=\"nofollow\" class=\"ddownload-link id-2350 ext-pdf\">Scarica documento<\/a><\/p><\/div><\/div><\/div><div class='dt-sc-timeline left'><div class=\"column dt-sc-one-half\"><div class=\"dt-sc-timeline-content\"><h2><span>Negli anni 2000<\/span><\/h2><p><span style=\"color: #000000;\">L&#8217;inizio di un nuovo millennio, vede C.S. aprirsi al mondo della <strong>stampa digitale <\/strong>con un plotter per tessuti ed una giostra per la stampa di t-shirt. Un mondo nuovo che ci sta aprendo e che\u00a0 ci introduce in un nuovo settore.<\/span><\/p><\/div><\/div><\/div><div class='dt-sc-timeline right'><div class=\"column dt-sc-one-half\"><div class=\"dt-sc-timeline-content\"><h2><span>2008<\/span><\/h2><p><span style=\"color: #000000;\">Una vera rivoluzione \u00e8 l&#8217;acquisto di una punzonatrice per metalli <\/span><\/p>\n<p><span style=\"color: #000000;\"><strong>formato 1000&#215;1000 con automatismo, <\/strong>che sostituisce in gran parte le vecchie trance.<\/span><\/p><\/div><\/div><\/div><div class='dt-sc-timeline left'><div class=\"column dt-sc-one-half\"><div class=\"dt-sc-timeline-content\"><h2><span>2013<\/span><\/h2><p><span style=\"color: #000000;\">Sempre nell&#8217;ottica di un attento e graduale sviluppo, e con l&#8217;attenzione ai sussurri del mercato, C.S. apre un nuovo settore con l&#8217;acquisto di una macchina per la stampa <strong>tampografica <\/strong>a due colori.<\/span><\/p><\/div><\/div><\/div><div class='dt-sc-timeline right'><div class=\"column dt-sc-one-half\"><div class=\"dt-sc-timeline-content\"><h2><span>2014<\/span><\/h2><p><span style=\"color: #000000;\">La stampa digitale avanza, e le richieste del mercato ci indicano <\/span><\/p>\n<p><span style=\"color: #000000;\"> un altro passo in avanti: si acquista una macchina<strong> UV 1500&#215;3000 in piano<\/strong>.<\/span><\/p><\/div><\/div><\/div><div class='dt-sc-timeline left'><div class=\"column dt-sc-one-half\"><div class=\"dt-sc-timeline-content\"><h2><span>2015<\/span><\/h2><p><span style=\"color: #000000;\">Ulteriore sviluppo del digitale con l&#8217;acquisto di una macchina<strong> solvente con luce 1600<\/strong>, stampa e taglio roll to roll.<\/span><\/p><\/div><\/div><\/div><div class='dt-sc-timeline right'><div class=\"column dt-sc-one-half\"><div class=\"dt-sc-timeline-content\"><h2><span>2016<\/span><\/h2><p><span style=\"color: #000000;\">Passo in avanti nella stampa dell&#8217;oggettistica con l&#8217;acquisto di una<\/span><\/p>\n<p><span style=\"color: #000000;\"> macchina <strong>UV Led <\/strong>che permette pi\u00f9 soluzioni.<\/span><\/p><\/div><\/div><\/div><div class='dt-sc-timeline left'><div class=\"column dt-sc-one-half\"><div class=\"dt-sc-timeline-content\"><h2><span>2018 Cambio Ubicazione<\/span><\/h2><p><span style=\"color: #000000;\">Un importante &#8220;salto&#8221; \u00e8 il cambio della nostra sede storica diventata ormai troppo piccola. <strong>Da 1200mq<\/strong> si trasloca un una struttura di <strong>1700 mq<\/strong> e questo d\u00e0 anche la possibilit\u00e0 di rinnovare ed implementare macchinari e attrezzature. Si acquista una <strong>punzonatrice da 700&#215;1000<\/strong> e per il reparto digitale, una macchina<strong> UV Led 2000&#215;3000 <\/strong>in piano e una\u00a0<strong> UV roll to roll<\/strong> stampa e taglio. Intrapresa la nuova sfida, C.S. \u00e8 pronto a far fronte alle richieste dei clienti con la seriet\u00e0, l&#8217;impegno e la determinazione di sempre.<\/span><\/p><\/div><\/div><\/div><div class='dt-sc-timeline right'><div class=\"column dt-sc-one-half\"><div class=\"dt-sc-timeline-content\"><h2><span>2020 Visiere VCS20.01<\/span><\/h2><p>La Pandemia da Covid-19 ci ha messi di fronte a tante difficolt\u00e0,\nma \u00e8 anche da queste situazioni che nascono nuove esigenze e\nnuove opportunit\u00e0 di miglioramento. Spinti dal voler contribure\na nostro modo, <strong>abbiamo creato un ottimo prodotto\ncon certificazione CE: <a href=\"https:\/\/www.centroserigrafico.it\/index.php\/visiere\/\">Visiera VCS20.01<\/a>\n<\/strong><\/p><\/div><\/div><\/div><div class='dt-sc-timeline left'><div class=\"column dt-sc-one-half\"><div class=\"dt-sc-timeline-content\"><h2><span>2020 Implemento macchinario<\/span><\/h2><p>Al fine di ottenere un sistema sempre pi\u00f9 adattato alla specifica realt\u00e0 produttiva dell&#8217;azienda, C.S. con il contributo di Regione Lombardia, implementa un <strong>automatismo su un macchinario per la punzonatura dei metalli.<\/strong><\/p>\n<p>Vai alla pagina dedicata: <a href=\"https:\/\/www.centroserigrafico.it\/index.php\/bando-innodriver\/\">BANDO INNODRIVER<\/a><\/p><\/div><\/div><\/div><div class='dt-sc-timeline right'><div class=\"column dt-sc-one-half\"><div class=\"dt-sc-timeline-content\"><h2><span>Oggi<\/span><\/h2><p>Siamo in costante movimento, alla ricerca di\nsoluzioni innovative e originali, atte a garantire il\nnostro principale obbiettivo: <strong>soddisfare il Cliente<\/strong><\/p><\/div><\/div><\/div><\/div><div id=\"1574092672400-efd9d615-6dee\" class=\"dt-sc-empty-space\"><\/div>[\/vc_column][\/vc_row][vc_row bg_type=&#8221;image&#8221; parallax_style=&#8221;vcpb-default&#8221; bg_image_new=&#8221;id^4008|url^https:\/\/www.centroserigrafico.it\/wp-content\/uploads\/serigrafia-cs-fascia.jpg|caption^null|alt^null|title^serigrafia-cs-fascia|description^null&#8221; bg_image_repeat=&#8221;no-repeat&#8221; bg_img_attach=&#8221;fixed&#8221; bg_override=&#8221;ex-full&#8221;][vc_column]<div id=\"1574507061313-656741d6-15e4\" class=\"dt-sc-empty-space\"><\/div>[vc_custom_heading text=&#8221;L&#8217;arte della serigrafia&#8221; font_container=&#8221;tag:h2|font_size:40px|text_align:left|color:%23ffffff&#8221; google_fonts=&#8221;font_family:ABeeZee%3Aregular%2Citalic|font_style:400%20regular%3A400%3Anormal&#8221;]<div id=\"1574507070360-7b1ee0c4-91f4\" class=\"dt-sc-empty-space\"><\/div>[\/vc_column][\/vc_row][vc_row][vc_column]<div id=\"1574092657757-12dd9a4e-d3bc\" class=\"dt-sc-empty-space\"><\/div>[vc_hoverbox image=&#8221;1003&#8243; primary_title=&#8221;Dove siamo&#8221; hover_title=&#8221;Ci trovi qui&#8221; hover_btn_title=&#8221;Vedi posizione&#8221; hover_btn_style=&#8221;3d&#8221; hover_btn_shape=&#8221;round&#8221; hover_btn_size=&#8221;xs&#8221; hover_btn_align=&#8221;center&#8221; hover_btn_i_icon_fontawesome=&#8221;fa fa-map-marker&#8221; hover_btn_css_animation=&#8221;flipInY&#8221; use_custom_fonts_primary_title=&#8221;true&#8221; use_custom_fonts_hover_title=&#8221;true&#8221; hover_add_button=&#8221;true&#8221; hover_btn_add_icon=&#8221;true&#8221; hover_btn_link=&#8221;url:https%3A%2F%2Fwww.google.com%2Fmaps%2Fdir%2F&#8221;%2FVia%2BCinque%2BPrati%2C%2B12%2C%2B25014%2BCastenedolo%2BBS%2F%4045.4768174%2C10.2905618%2C17z%2Fdata%3D!4m8!4m7!1m0!1m5!1m1!1s0x47819f1fde330319%3A0xd7297162d38505e!2m2!1d10.2927505!2d45.4768174|title:Posizione%20Maps|target:%20_blank|&#8221;]<\/p>\n<p>[\/vc_hoverbox][\/vc_column][\/vc_row][vc_row][vc_column]<div id=\"1625040525657-cd782e4a-ba82\" class=\"dt-sc-empty-space\"><\/div>[\/vc_column][\/vc_row][vc_row][vc_column]<div id=\"1617796629695-a8a9f3ac-df6c\" class=\"dt-sc-empty-space\"><\/div>[vc_text_separator title=&#8221;Contattaci per altre info&#8221; color=&#8221;custom&#8221; border_width=&#8221;3&#8243; css_animation=&#8221;fadeInUp&#8221; accent_color=&#8221;#2398d6&#8243;][vc_row_inner][vc_column_inner width=&#8221;1\/3&#8243;]<div class='dt-sc-icon-box type4 .contattaciperaltreinfo'><div class=\"icon-wrapper\"><span class='fas fa-tty'> <\/span><\/div><div class=\"icon-content\"><h4>Telefono<\/h4><p><h6>Tel. 030 2732831<\/h6><\/p><\/div><\/div>[\/vc_column_inner][vc_column_inner width=&#8221;1\/3&#8243;]<div class='dt-sc-icon-box type4 '><div class=\"icon-wrapper\"><span class='fas fa-at'> <\/span><\/div><div class=\"icon-content\"><h4>Mail<\/h4><p><h6>info@centroserigrafico.com<\/h6><\/p><\/div><\/div>[\/vc_column_inner][vc_column_inner width=&#8221;1\/3&#8243;]<div class='dt-sc-icon-box type4 '><div class=\"icon-wrapper\"><span class='fas fa-phone-alt'> <\/span><\/div><div class=\"icon-content\"><h4>Whatsapp<\/h4><p><h6>Cel +39 3341072143<\/h6><\/p><\/div><\/div>[\/vc_column_inner][\/vc_row_inner][\/vc_column][\/vc_row][vc_row bg_type=&#8221;bg_color&#8221; bg_override=&#8221;ex-full&#8221; bg_color_value=&#8221;#ededed&#8221; css=&#8221;.vc_custom_1628078408938{padding-top: 10px !important;padding-bottom: 10px !important;}&#8221; el_class=&#8221;.contattaciperaltreinfo&#8221; text_color=&#8221;#000000&#8243;][vc_column][vc_empty_space height=&#8221;20&#8243;][vc_text_separator title=&#8221;Ci trovi anche sui social&#8221; color=&#8221;custom&#8221; border_width=&#8221;3&#8243; css_animation=&#8221;fadeInUp&#8221; accent_color=&#8221;#2398d6&#8243; css=&#8221;.vc_custom_1628070132542{margin-bottom: 20px !important;}&#8221;][vc_row_inner][vc_column_inner width=&#8221;1\/2&#8243;][vc_message message_box_color=&#8221;blue&#8221; icon_fontawesome=&#8221;fab fa-facebook-square&#8221;]<a href=\"https:\/\/www.facebook.com\/CS-Centro-Serigrafico-srl-105957647750064\/\">Facebook<\/a>[\/vc_message][\/vc_column_inner][vc_column_inner width=&#8221;1\/2&#8243;][vc_message message_box_color=&#8221;purple&#8221; icon_type=&#8221;entypo&#8221; icon_entypo=&#8221;entypo-icon entypo-icon-instagrem&#8221;]<a href=\"https:\/\/www.instagram.com\/cscentroserigrafico\/?hl=it\">Instagram<\/a>[\/vc_message][\/vc_column_inner][\/vc_row_inner][\/vc_column][\/vc_row]<\/p>\n","protected":false},"excerpt":{"rendered":"<p>[vc_row bg_type=&#8221;image&#8221; parallax_style=&#8221;vcpb-vz-jquery&#8221; bg_image_new=&#8221;id^4007|url^https:\/\/www.centroserigrafico.it\/wp-content\/uploads\/azienda-cartina-castenedolo-seppia-2.jpg|caption^null|alt^null|title^azienda-cartina-castenedolo-seppia|description^null&#8221; bg_image_repeat=&#8221;no-repeat&#8221; parallax_sense=&#8221;10&#8243; bg_override=&#8221;ex-full&#8221;][vc_column][vc_text_separator title=&#8221;PERCORRI LA NOSTRA STORIA&#8221; color=&#8221;custom&#8221; border_width=&#8221;3&#8243; css_animation=&#8221;fadeInDown&#8221; accent_color=&#8221;#2398d6&#8243; el_class=&#8221;titoloazienda&#8221;][vc_custom_heading text=&#8221;&#8220;L&#8217;innovazione \u00e8 l&#8217;abilit\u00e0 di vedere il cambiamento come un&#8217;opportunit\u00e0, non una minaccia.&#8220; &#8211; Anonimo&#8221; font_container=&#8221;tag:h2|font_size:40px|text_align:center|color:%23000000&#8243; google_fonts=&#8221;font_family:Permanent%20Marker%3Aregular|font_style:400%20regular%3A400%3Anormal&#8221; css_animation=&#8221;fadeInDown&#8221;][\/vc_column][\/vc_row][vc_row full_width=&#8221;default_no_spaces&#8221; gap=&#8221;1&#8243; parallax=&#8221;content-moving&#8221; parallax_content=&#8221;parallax_content_value&#8221; parallax_content_sense=&#8221;10&#8243; css=&#8221;.vc_custom_1574503128137{margin-top: -390px !important;border-top-width: 0px !important;padding-top: 0px !important;}&#8221;][vc_column][\/vc_column][\/vc_row][vc_row bg_type=&#8221;image&#8221; parallax_style=&#8221;vcpb-default&#8221; bg_image_new=&#8221;id^4008|url^https:\/\/www.centroserigrafico.it\/wp-content\/uploads\/serigrafia-cs-fascia.jpg|caption^null|alt^null|title^serigrafia-cs-fascia|description^null&#8221; bg_image_repeat=&#8221;no-repeat&#8221; bg_img_attach=&#8221;fixed&#8221; bg_override=&#8221;ex-full&#8221;][vc_column][vc_custom_heading text=&#8221;L&#8217;arte della serigrafia&#8221; font_container=&#8221;tag:h2|font_size:40px|text_align:left|color:%23ffffff&#8221; [&hellip;]<\/p>\n","protected":false},"author":1,"featured_media":0,"parent":0,"menu_order":0,"comment_status":"closed","ping_status":"closed","template":"","meta":{"footnotes":""},"class_list":["post-46","page","type-page","status-publish","hentry"],"yoast_head":"<!-- This site is optimized with the Yoast SEO plugin v26.1.1 - https:\/\/yoast.com\/wordpress\/plugins\/seo\/ -->\n<title>AZIENDA | C.S. Centro Serigrafico s.r.l. - Percorri la nostra storia<\/title>\n<meta name=\"description\" content=\"Nel 1985 - Nasce il C.S. Centro Serigrafico alle porte di Castenedolo (BS) per opera di soci con gi\u00e0 una notevole esperienza nel settore.\" \/>\n<meta name=\"robots\" content=\"index, follow, max-snippet:-1, max-image-preview:large, max-video-preview:-1\" \/>\n<link rel=\"canonical\" href=\"https:\/\/www.centroserigrafico.it\/index.php\/azienda\/\" \/>\n<meta property=\"og:locale\" content=\"it_IT\" \/>\n<meta property=\"og:type\" content=\"article\" \/>\n<meta property=\"og:title\" content=\"AZIENDA | C.S. Centro Serigrafico s.r.l. - Percorri la nostra storia\" \/>\n<meta property=\"og:description\" content=\"Nel 1985 - Nasce il C.S. Centro Serigrafico alle porte di Castenedolo (BS) per opera di soci con gi\u00e0 una notevole esperienza nel settore.\" \/>\n<meta property=\"og:url\" content=\"https:\/\/www.centroserigrafico.it\/index.php\/azienda\/\" \/>\n<meta property=\"og:site_name\" content=\"C.S. Centro Serigrafico\" \/>\n<meta property=\"article:modified_time\" content=\"2021-08-06T13:00:19+00:00\" \/>\n<meta name=\"twitter:card\" content=\"summary_large_image\" \/>\n<meta name=\"twitter:label1\" content=\"Tempo di lettura stimato\" \/>\n\t<meta name=\"twitter:data1\" content=\"4 minuti\" \/>\n<script type=\"application\/ld+json\" class=\"yoast-schema-graph\">{\"@context\":\"https:\/\/schema.org\",\"@graph\":[{\"@type\":\"WebPage\",\"@id\":\"https:\/\/www.centroserigrafico.it\/index.php\/azienda\/\",\"url\":\"https:\/\/www.centroserigrafico.it\/index.php\/azienda\/\",\"name\":\"AZIENDA | C.S. Centro Serigrafico s.r.l. - Percorri la nostra storia\",\"isPartOf\":{\"@id\":\"https:\/\/www.centroserigrafico.it\/#website\"},\"datePublished\":\"2018-06-13T08:08:11+00:00\",\"dateModified\":\"2021-08-06T13:00:19+00:00\",\"description\":\"Nel 1985 - Nasce il C.S. Centro Serigrafico alle porte di Castenedolo (BS) per opera di soci con gi\u00e0 una notevole esperienza nel settore.\",\"breadcrumb\":{\"@id\":\"https:\/\/www.centroserigrafico.it\/index.php\/azienda\/#breadcrumb\"},\"inLanguage\":\"it-IT\",\"potentialAction\":[{\"@type\":\"ReadAction\",\"target\":[\"https:\/\/www.centroserigrafico.it\/index.php\/azienda\/\"]}]},{\"@type\":\"BreadcrumbList\",\"@id\":\"https:\/\/www.centroserigrafico.it\/index.php\/azienda\/#breadcrumb\",\"itemListElement\":[{\"@type\":\"ListItem\",\"position\":1,\"name\":\"Home\",\"item\":\"https:\/\/www.centroserigrafico.it\/\"},{\"@type\":\"ListItem\",\"position\":2,\"name\":\"AZIENDA\"}]},{\"@type\":\"WebSite\",\"@id\":\"https:\/\/www.centroserigrafico.it\/#website\",\"url\":\"https:\/\/www.centroserigrafico.it\/\",\"name\":\"C.S. Centro Serigrafico\",\"description\":\"Grafica industriale\",\"publisher\":{\"@id\":\"https:\/\/www.centroserigrafico.it\/#organization\"},\"potentialAction\":[{\"@type\":\"SearchAction\",\"target\":{\"@type\":\"EntryPoint\",\"urlTemplate\":\"https:\/\/www.centroserigrafico.it\/?s={search_term_string}\"},\"query-input\":{\"@type\":\"PropertyValueSpecification\",\"valueRequired\":true,\"valueName\":\"search_term_string\"}}],\"inLanguage\":\"it-IT\"},{\"@type\":\"Organization\",\"@id\":\"https:\/\/www.centroserigrafico.it\/#organization\",\"name\":\"C.S. Centro Serigrafico\",\"url\":\"https:\/\/www.centroserigrafico.it\/\",\"logo\":{\"@type\":\"ImageObject\",\"inLanguage\":\"it-IT\",\"@id\":\"https:\/\/www.centroserigrafico.it\/#\/schema\/logo\/image\/\",\"url\":\"https:\/\/www.centroserigrafico.it\/wp-content\/uploads\/logo1.png\",\"contentUrl\":\"https:\/\/www.centroserigrafico.it\/wp-content\/uploads\/logo1.png\",\"width\":1200,\"height\":1200,\"caption\":\"C.S. Centro Serigrafico\"},\"image\":{\"@id\":\"https:\/\/www.centroserigrafico.it\/#\/schema\/logo\/image\/\"}}]}<\/script>\n<!-- \/ Yoast SEO plugin. -->","yoast_head_json":{"title":"AZIENDA | C.S. Centro Serigrafico s.r.l. - Percorri la nostra storia","description":"Nel 1985 - Nasce il C.S. Centro Serigrafico alle porte di Castenedolo (BS) per opera di soci con gi\u00e0 una notevole esperienza nel settore.","robots":{"index":"index","follow":"follow","max-snippet":"max-snippet:-1","max-image-preview":"max-image-preview:large","max-video-preview":"max-video-preview:-1"},"canonical":"https:\/\/www.centroserigrafico.it\/index.php\/azienda\/","og_locale":"it_IT","og_type":"article","og_title":"AZIENDA | C.S. Centro Serigrafico s.r.l. - Percorri la nostra storia","og_description":"Nel 1985 - Nasce il C.S. Centro Serigrafico alle porte di Castenedolo (BS) per opera di soci con gi\u00e0 una notevole esperienza nel settore.","og_url":"https:\/\/www.centroserigrafico.it\/index.php\/azienda\/","og_site_name":"C.S. Centro Serigrafico","article_modified_time":"2021-08-06T13:00:19+00:00","twitter_card":"summary_large_image","twitter_misc":{"Tempo di lettura stimato":"4 minuti"},"schema":{"@context":"https:\/\/schema.org","@graph":[{"@type":"WebPage","@id":"https:\/\/www.centroserigrafico.it\/index.php\/azienda\/","url":"https:\/\/www.centroserigrafico.it\/index.php\/azienda\/","name":"AZIENDA | C.S. Centro Serigrafico s.r.l. - Percorri la nostra storia","isPartOf":{"@id":"https:\/\/www.centroserigrafico.it\/#website"},"datePublished":"2018-06-13T08:08:11+00:00","dateModified":"2021-08-06T13:00:19+00:00","description":"Nel 1985 - Nasce il C.S. Centro Serigrafico alle porte di Castenedolo (BS) per opera di soci con gi\u00e0 una notevole esperienza nel settore.","breadcrumb":{"@id":"https:\/\/www.centroserigrafico.it\/index.php\/azienda\/#breadcrumb"},"inLanguage":"it-IT","potentialAction":[{"@type":"ReadAction","target":["https:\/\/www.centroserigrafico.it\/index.php\/azienda\/"]}]},{"@type":"BreadcrumbList","@id":"https:\/\/www.centroserigrafico.it\/index.php\/azienda\/#breadcrumb","itemListElement":[{"@type":"ListItem","position":1,"name":"Home","item":"https:\/\/www.centroserigrafico.it\/"},{"@type":"ListItem","position":2,"name":"AZIENDA"}]},{"@type":"WebSite","@id":"https:\/\/www.centroserigrafico.it\/#website","url":"https:\/\/www.centroserigrafico.it\/","name":"C.S. Centro Serigrafico","description":"Grafica industriale","publisher":{"@id":"https:\/\/www.centroserigrafico.it\/#organization"},"potentialAction":[{"@type":"SearchAction","target":{"@type":"EntryPoint","urlTemplate":"https:\/\/www.centroserigrafico.it\/?s={search_term_string}"},"query-input":{"@type":"PropertyValueSpecification","valueRequired":true,"valueName":"search_term_string"}}],"inLanguage":"it-IT"},{"@type":"Organization","@id":"https:\/\/www.centroserigrafico.it\/#organization","name":"C.S. Centro Serigrafico","url":"https:\/\/www.centroserigrafico.it\/","logo":{"@type":"ImageObject","inLanguage":"it-IT","@id":"https:\/\/www.centroserigrafico.it\/#\/schema\/logo\/image\/","url":"https:\/\/www.centroserigrafico.it\/wp-content\/uploads\/logo1.png","contentUrl":"https:\/\/www.centroserigrafico.it\/wp-content\/uploads\/logo1.png","width":1200,"height":1200,"caption":"C.S. Centro Serigrafico"},"image":{"@id":"https:\/\/www.centroserigrafico.it\/#\/schema\/logo\/image\/"}}]}},"jetpack_sharing_enabled":true,"_links":{"self":[{"href":"https:\/\/www.centroserigrafico.it\/index.php\/wp-json\/wp\/v2\/pages\/46","targetHints":{"allow":["GET"]}}],"collection":[{"href":"https:\/\/www.centroserigrafico.it\/index.php\/wp-json\/wp\/v2\/pages"}],"about":[{"href":"https:\/\/www.centroserigrafico.it\/index.php\/wp-json\/wp\/v2\/types\/page"}],"author":[{"embeddable":true,"href":"https:\/\/www.centroserigrafico.it\/index.php\/wp-json\/wp\/v2\/users\/1"}],"replies":[{"embeddable":true,"href":"https:\/\/www.centroserigrafico.it\/index.php\/wp-json\/wp\/v2\/comments?post=46"}],"version-history":[{"count":326,"href":"https:\/\/www.centroserigrafico.it\/index.php\/wp-json\/wp\/v2\/pages\/46\/revisions"}],"predecessor-version":[{"id":4271,"href":"https:\/\/www.centroserigrafico.it\/index.php\/wp-json\/wp\/v2\/pages\/46\/revisions\/4271"}],"wp:attachment":[{"href":"https:\/\/www.centroserigrafico.it\/index.php\/wp-json\/wp\/v2\/media?parent=46"}],"curies":[{"name":"wp","href":"https:\/\/api.w.org\/{rel}","templated":true}]}}